{"id":55,"date":"2022-02-17T11:17:04","date_gmt":"2022-02-17T11:17:04","guid":{"rendered":"https:\/\/inmobiliarialemus.com\/?page_id=55"},"modified":"2022-04-12T15:17:14","modified_gmt":"2022-04-12T15:17:14","slug":"politica-de-cookies","status":"publish","type":"page","link":"https:\/\/inmobiliarialemus.com\/index.php\/politica-de-cookies\/","title":{"rendered":"Pol\u00edtica de Cookies"},"content":{"rendered":"<header>\n<h2>Pol\u00edtica de Cookies<\/h2>\n<\/header>\n<div class=\"\">\n<div class=\"\">\n<p>En esta web se utilizan cookies de terceros y propias para conseguir que tengas una mejor experiencia de navegaci\u00f3n, puedas compartir contenido en redes sociales y para que podamos obtener estad\u00edsticas de los usuarios.<\/p>\n<p>Puedes evitar la descarga de cookies a trav\u00e9s de la configuraci\u00f3n de tu navegador, evitando que las cookies se almacenen en su dispositivo.<\/p>\n<p>Como propietario de este sitio web, te comunico que no utilizamos ninguna informaci\u00f3n personal procedente de cookies, tan s\u00f3lo realizamos estad\u00edsticas generales de visitas que no suponen ninguna informaci\u00f3n personal.<\/p>\n<p>Es muy importante que leas la presente pol\u00edtica de cookies y comprendas que, si contin\u00faas navegando, consideraremos que aceptas su uso.<\/p>\n<p>Seg\u00fan los t\u00e9rminos incluidos en el art\u00edculo 22.2 de la Ley 34\/2002 de Servicios de la Sociedad de la Informaci\u00f3n y Comercio Electr\u00f3nico, si contin\u00faas navegando, estar\u00e1s prestando tu consentimiento para el empleo de los referidos mecanismos.<\/p>\n<h3>Entidad Responsable<\/h3>\n<p class=\"ng-binding\">La entidad responsable de la recogida, procesamiento y utilizaci\u00f3n de tus datos personales, en el sentido establecido por la Ley de Protecci\u00f3n de Datos Personales es la p\u00e1gina https:\/\/inmobiliarialemus.com\/, propiedad de Ana Mar\u00eda Lemus Marrero \u2013 Carretera a las Galletas, N\u00ba 98, Apto 4, Guargacho. San Miguel de Abona. Tenerife.<\/p>\n<h3>\u00bfQu\u00e9 son las cookies?<\/h3>\n<p>Las cookies son un conjunto de datos que un servidor deposita en el navegador del usuario para recoger la informaci\u00f3n de registro est\u00e1ndar de Internet y la informaci\u00f3n del comportamiento de los visitantes en un sitio web. Es decir, se trata de peque\u00f1os archivos de texto que quedan almacenados en el disco duro del ordenador y que sirven para identificar al usuario cuando se conecta nuevamente al sitio web. Su objetivo es registrar la visita del usuario y guardar cierta informaci\u00f3n. Su uso es com\u00fan y frecuente en la web ya que permite a las p\u00e1ginas funcionar de manera m\u00e1s eficiente y conseguir una mayor personalizaci\u00f3n y an\u00e1lisis sobre el comportamiento del usuario.<br \/>\n<script id=\"CookieDeclaration\" src=\"https:\/\/consent.cookiebot.com\/a9061397-39bd-499d-a62a-e7594859c04d\/cd.js\" async=\"\" type=\"text\/javascript\"><\/script><\/p>\n<h3>\u00bfQu\u00e9 tipos de cookies existen?<\/h3>\n<p>Seg\u00fan quien sea la entidad que gestione el dominio desde donde se env\u00edan las cookies y trate los datos que se obtengan se pueden distinguir dos tipos:<\/p>\n<p><strong>\u2022 Cookies propias:<\/strong>\u00a0Aqu\u00e9llas que se env\u00edan al equipo terminal del usuario desde un equipo o dominio gestionado por el propio editor y desde el que se presta el servicio solicitado por el usuario.<\/p>\n<p>\u2022<strong>\u00a0Cookies de terceros:<\/strong>\u00a0Aqu\u00e9llas que se env\u00edan al equipo terminal del usuario desde un equipo o dominio que no es gestionado por el editor, sino por otra entidad que trata los datos obtenidos trav\u00e9s de las cookies.<\/p>\n<p>En el caso de que las cookies sean instaladas desde un equipo o dominio gestionado por el propio editor pero la informaci\u00f3n que se recoja mediante \u00e9stas sea gestionada por un tercero, no pueden ser consideradas como cookies propias.<\/p>\n<p>Existe tambi\u00e9n una segunda clasificaci\u00f3n seg\u00fan el plazo de tiempo que permanecen almacenadas en el navegador del cliente, pudiendo tratarse de:<\/p>\n<p>\u2022<strong>\u00a0Cookies de sesi\u00f3n:<\/strong>\u00a0Dise\u00f1adas para recabar y almacenar datos mientras el usuario accede a una p\u00e1gina web. Se suelen emplear para almacenar informaci\u00f3n que solo interesa conservar para la prestaci\u00f3n del servicio solicitado por el usuario en una sola ocasi\u00f3n (p.e. una lista de productos adquiridos).<\/p>\n<p>\u2022\u00a0<strong>Cookies persistentes:<\/strong>\u00a0Los datos siguen almacenados en el terminal y pueden ser accedidos y tratados durante un periodo definido por el responsable de la cookie, y que puede ir de unos minutos a varios a\u00f1os.<\/p>\n<p>Por \u00faltimo, existe otra clasificaci\u00f3n con seis tipos de cookies seg\u00fan la finalidad para la que se traten los datos obtenidos:<\/p>\n<p>\u2022\u00a0<strong>Cookies t\u00e9cnicas:<\/strong>\u00a0Aquellas que permiten al usuario la navegaci\u00f3n a trav\u00e9s de una p\u00e1gina web, plataforma o aplicaci\u00f3n y la utilizaci\u00f3n de las diferentes opciones o servicios que en ella existan como, por ejemplo, controlar el tr\u00e1fico y la comunicaci\u00f3n de datos, identificar la sesi\u00f3n, acceder a partes de acceso restringido, recordar los elementos que integran un pedido, realizar el proceso de compra de un pedido, realizar la solicitud de inscripci\u00f3n o participaci\u00f3n en un evento, utilizar elementos de seguridad durante la navegaci\u00f3n, almacenar contenidos para la difusi\u00f3n de v\u00eddeos o sonido o compartir contenidos a trav\u00e9s de redes sociales.<\/p>\n<p><strong>\u2022 Cookies de personalizaci\u00f3n:<\/strong>\u00a0Permiten al usuario acceder al servicio con algunas caracter\u00edsticas de car\u00e1cter general predefinidas en funci\u00f3n de una serie de criterios en el terminal del usuario como por ejemplo serian el idioma, el tipo de navegador a trav\u00e9s del cual accede al servicio, la configuraci\u00f3n regional desde donde accede al servicio, etc.<\/p>\n<p>\u2022\u00a0<strong>Cookies de an\u00e1lisis:<\/strong>\u00a0Permiten al responsable de las mismas, el seguimiento y an\u00e1lisis del comportamiento de los usuarios de los sitios web a los que est\u00e1n vinculadas. La informaci\u00f3n recogida mediante este tipo de cookies se utiliza en la medici\u00f3n de la actividad de los sitios web, aplicaci\u00f3n o plataforma y para la elaboraci\u00f3n de perfiles de navegaci\u00f3n de los usuarios de dichos sitios, aplicaciones y plataformas, con el fin de introducir mejoras en funci\u00f3n del an\u00e1lisis de los datos de uso que hacen los usuarios del servicio.<\/p>\n<p>\u2022\u00a0<strong>Cookies publicitarias:<\/strong>\u00a0Permiten la gesti\u00f3n, de la forma m\u00e1s eficaz posible, de los espacios publicitarios.<\/p>\n<p>\u2022\u00a0<strong>Cookies de publicidad comportamental:<\/strong>\u00a0Almacenan informaci\u00f3n del comportamiento de los usuarios obtenida a trav\u00e9s de la observaci\u00f3n continuada de sus h\u00e1bitos de navegaci\u00f3n, lo que permite desarrollar un perfil espec\u00edfico para mostrar publicidad en funci\u00f3n del mismo.<\/p>\n<p>\u2022\u00a0<strong>Cookies de redes sociales externas:<\/strong>\u00a0Se utilizan para que los visitantes puedan interactuar con el contenido de diferentes plataformas sociales (facebook, youtube, twitter, LinkedIn, etc..) y que se generen \u00fanicamente para los usuarios de dichas redes sociales. Las condiciones de utilizaci\u00f3n de estas cookies y la informaci\u00f3n recopilada se regula por la pol\u00edtica de privacidad de la plataforma social correspondiente.<\/p>\n<h3>\u00bfC\u00f3mo puedo deshabilitar, rechazar y eliminar las cookies en mi navegador?<\/h3>\n<p style=\"text-align: left;\">Se pueden configurar los diferentes navegadores para avisar al usuario de la recepci\u00f3n de cookies y, si se desea, impedir su instalaci\u00f3n en el equipo. Asimismo, el usuario puede revisar en su navegador qu\u00e9 cookies tiene instaladas y cu\u00e1l es el plazo de caducidad de las mismas, pudiendo eliminarlas.<\/p>\n<p style=\"text-align: left;\">En el supuesto de que rechace el uso de cookies \u2014total o parcialmente\u2014 podr\u00e1 seguir usando el Sitio Web, si bien podr\u00e1 tener limitada la utilizaci\u00f3n de algunas de las prestaciones del mismo.<\/p>\n<p style=\"text-align: left;\">Para ampliar esta informaci\u00f3n consulte las instrucciones y manuales de su navegador:<\/p>\n<p style=\"text-align: left;\">Para m\u00e1s informaci\u00f3n sobre la administraci\u00f3n de las cookies en Google Chrome:\u00a0<a href=\"https:\/\/support.google.com\/chrome\/answer\/95647?hl=es\">https:\/\/support.google.com\/chrome\/answer\/95647?hl=es<\/a><\/p>\n<p>Para m\u00e1s informaci\u00f3n sobre la administraci\u00f3n de las cookies en Internet Explorer:\u00a0<a href=\"http:\/\/windows.microsoft.com\/es-es\/windows-vista\/cookies-frequently-asked-questions\">http:\/\/windows.microsoft.com\/es-es\/windows-vista\/cookies-frequently-asked-questions<\/a><\/p>\n<p>Para m\u00e1s informaci\u00f3n sobre la administraci\u00f3n de las cookies en Mozilla Firefox:\u00a0<a href=\"http:\/\/support.mozilla.org\/es\/kb\/habilitar-y-deshabilitar-cookies-que-los-sitios-we%20\">http:\/\/support.mozilla.org\/es\/kb\/habilitar-y-deshabilitar-cookies-que-los-sitios-we<\/a><\/p>\n<p>Para m\u00e1s informaci\u00f3n sobre la administraci\u00f3n de las cookies en Safari:\u00a0<a href=\"http:\/\/www.apple.com\/es\/privacy\/use-of-cookies\/%20\">http:\/\/www.apple.com\/es\/privacy\/use-of-cookies\/<\/a><\/p>\n<p>Para m\u00e1s informaci\u00f3n sobre la administraci\u00f3n de las cookies en Opera:\u00a0<a href=\"http:\/\/help.opera.com\/Windows\/11.50\/es-ES\/cookies.html\">http:\/\/help.opera.com\/Windows\/11.50\/es-ES\/cookies.html<\/a><\/p>\n<p>Si desea dejar de ser seguido por Google Analytics visite:\u00a0<a href=\"http:\/\/tools.google.com\/dlpage\/gaoptout\">http:\/\/tools.google.com\/dlpage\/gaoptout<\/a><\/p>\n<h3>Para saber m\u00e1s sobre las cookies<\/h3>\n<p>Puede obtener m\u00e1s informaci\u00f3n sobre la publicidad online basada en el comportamiento y la privacidad online en el siguiente enlace:\u00a0<a href=\"http:\/\/www.youronlinechoices.com\/es\/\">http:\/\/www.youronlinechoices.com\/es\/<\/a><\/p>\n<p>Protecci\u00f3n de datos de Google Analytics:\u00a0<a href=\"http:\/\/www.google.com\/analytics\/learn\/privacy.html\">http:\/\/www.google.com\/analytics\/learn\/privacy.html<\/a><\/p>\n<p>C\u00f3mo usa Google Analytics las cookies:\u00a0<a href=\"https:\/\/developers.google.com\/analytics\/devguides\/collection\/analyticsjs\/cookie-usage?hl=es#analyticsjs\">https:\/\/developers.google.com\/analytics\/devguides\/collection\/analyticsjs\/cookie-usage?hl=es#analyticsjs<\/a><\/p>\n<h3>Actualizaciones y cambios en la pol\u00edtica de privacidad\/cookies<\/h3>\n<p class=\"ng-binding\">Las webs de Ana Mar\u00eda Lemus Marrero pueden modificar esta Pol\u00edtica de Cookies en funci\u00f3n de exigencias legislativas, reglamentarias, o con la finalidad de adaptar dicha pol\u00edtica a las instrucciones dictadas por la Agencia Espa\u00f1ola de Protecci\u00f3n de Datos, por ello se aconseja a los usuarios que la visiten peri\u00f3dicamente.<\/p>\n<p>Cuando se produzcan cambios significativos en esta Pol\u00edtica de Cookies, estos se comunicar\u00e1n a los usuarios bien mediante la web o a trav\u00e9s de correo electr\u00f3nico a los usuarios registrados.<\/p>\n<\/div>\n<\/div>\n","protected":false},"excerpt":{"rendered":"<p>Pol\u00edtica de Cookies En esta web se utilizan cookies de terceros y propias para conseguir que tengas una mejor experiencia de navegaci\u00f3n, puedas compartir contenido en redes sociales y para que podamos obtener estad\u00edsticas de los usuarios. Puedes evitar la descarga de cookies a trav\u00e9s de la configuraci\u00f3n de tu navegador, evitando que las cookies [&hellip;]<\/p>\n","protected":false},"author":1,"featured_media":0,"parent":0,"menu_order":0,"comment_status":"closed","ping_status":"closed","template":"","meta":{"_joinchat":[],"footnotes":""},"class_list":["post-55","page","type-page","status-publish","hentry"],"yoast_head":"<!-- This site is optimized with the Yoast SEO plugin v27.4 - https:\/\/yoast.com\/product\/yoast-seo-wordpress\/ -->\n<title>Pol\u00edtica de Cookies - Inmobiliaria Lemus<\/title>\n<meta name=\"robots\" content=\"noindex, follow\" \/>\n<meta property=\"og:locale\" content=\"es_ES\" \/>\n<meta property=\"og:type\" content=\"article\" \/>\n<meta property=\"og:title\" content=\"Pol\u00edtica de Cookies - Inmobiliaria Lemus\" \/>\n<meta property=\"og:description\" content=\"Pol\u00edtica de Cookies En esta web se utilizan cookies de terceros y propias para conseguir que tengas una mejor experiencia de navegaci\u00f3n, puedas compartir contenido en redes sociales y para que podamos obtener estad\u00edsticas de los usuarios. Puedes evitar la descarga de cookies a trav\u00e9s de la configuraci\u00f3n de tu navegador, evitando que las cookies [&hellip;]\" \/>\n<meta property=\"og:url\" content=\"https:\/\/inmobiliarialemus.com\/index.php\/politica-de-cookies\/\" \/>\n<meta property=\"og:site_name\" content=\"Inmobiliaria Lemus\" \/>\n<meta property=\"article:modified_time\" content=\"2022-04-12T15:17:14+00:00\" \/>\n<meta name=\"twitter:card\" content=\"summary_large_image\" \/>\n<meta name=\"twitter:label1\" content=\"Tiempo de lectura\" \/>\n\t<meta name=\"twitter:data1\" content=\"7 minutos\" \/>\n<script type=\"application\/ld+json\" class=\"yoast-schema-graph\">{\"@context\":\"https:\\\/\\\/schema.org\",\"@graph\":[{\"@type\":\"WebPage\",\"@id\":\"https:\\\/\\\/inmobiliarialemus.com\\\/index.php\\\/politica-de-cookies\\\/\",\"url\":\"https:\\\/\\\/inmobiliarialemus.com\\\/index.php\\\/politica-de-cookies\\\/\",\"name\":\"Pol\u00edtica de Cookies - Inmobiliaria Lemus\",\"isPartOf\":{\"@id\":\"https:\\\/\\\/inmobiliarialemus.com\\\/#website\"},\"datePublished\":\"2022-02-17T11:17:04+00:00\",\"dateModified\":\"2022-04-12T15:17:14+00:00\",\"breadcrumb\":{\"@id\":\"https:\\\/\\\/inmobiliarialemus.com\\\/index.php\\\/politica-de-cookies\\\/#breadcrumb\"},\"inLanguage\":\"es\",\"potentialAction\":[{\"@type\":\"ReadAction\",\"target\":[\"https:\\\/\\\/inmobiliarialemus.com\\\/index.php\\\/politica-de-cookies\\\/\"]}]},{\"@type\":\"BreadcrumbList\",\"@id\":\"https:\\\/\\\/inmobiliarialemus.com\\\/index.php\\\/politica-de-cookies\\\/#breadcrumb\",\"itemListElement\":[{\"@type\":\"ListItem\",\"position\":1,\"name\":\"Portada\",\"item\":\"https:\\\/\\\/inmobiliarialemus.com\\\/\"},{\"@type\":\"ListItem\",\"position\":2,\"name\":\"Pol\u00edtica de Cookies\"}]},{\"@type\":\"WebSite\",\"@id\":\"https:\\\/\\\/inmobiliarialemus.com\\\/#website\",\"url\":\"https:\\\/\\\/inmobiliarialemus.com\\\/\",\"name\":\"Inmobiliaria Lemus\",\"description\":\"Tenerife\",\"publisher\":{\"@id\":\"https:\\\/\\\/inmobiliarialemus.com\\\/#organization\"},\"potentialAction\":[{\"@type\":\"SearchAction\",\"target\":{\"@type\":\"EntryPoint\",\"urlTemplate\":\"https:\\\/\\\/inmobiliarialemus.com\\\/?s={search_term_string}\"},\"query-input\":{\"@type\":\"PropertyValueSpecification\",\"valueRequired\":true,\"valueName\":\"search_term_string\"}}],\"inLanguage\":\"es\"},{\"@type\":\"Organization\",\"@id\":\"https:\\\/\\\/inmobiliarialemus.com\\\/#organization\",\"name\":\"Inmobiliaria Lemus\",\"url\":\"https:\\\/\\\/inmobiliarialemus.com\\\/\",\"logo\":{\"@type\":\"ImageObject\",\"inLanguage\":\"es\",\"@id\":\"https:\\\/\\\/inmobiliarialemus.com\\\/#\\\/schema\\\/logo\\\/image\\\/\",\"url\":\"https:\\\/\\\/inmobiliarialemus.com\\\/wp-content\\\/uploads\\\/2022\\\/04\\\/logo-mini.jpg\",\"contentUrl\":\"https:\\\/\\\/inmobiliarialemus.com\\\/wp-content\\\/uploads\\\/2022\\\/04\\\/logo-mini.jpg\",\"width\":409,\"height\":204,\"caption\":\"Inmobiliaria Lemus\"},\"image\":{\"@id\":\"https:\\\/\\\/inmobiliarialemus.com\\\/#\\\/schema\\\/logo\\\/image\\\/\"}}]}<\/script>\n<!-- \/ Yoast SEO plugin. -->","yoast_head_json":{"title":"Pol\u00edtica de Cookies - Inmobiliaria Lemus","robots":{"index":"noindex","follow":"follow"},"og_locale":"es_ES","og_type":"article","og_title":"Pol\u00edtica de Cookies - Inmobiliaria Lemus","og_description":"Pol\u00edtica de Cookies En esta web se utilizan cookies de terceros y propias para conseguir que tengas una mejor experiencia de navegaci\u00f3n, puedas compartir contenido en redes sociales y para que podamos obtener estad\u00edsticas de los usuarios. Puedes evitar la descarga de cookies a trav\u00e9s de la configuraci\u00f3n de tu navegador, evitando que las cookies [&hellip;]","og_url":"https:\/\/inmobiliarialemus.com\/index.php\/politica-de-cookies\/","og_site_name":"Inmobiliaria Lemus","article_modified_time":"2022-04-12T15:17:14+00:00","twitter_card":"summary_large_image","twitter_misc":{"Tiempo de lectura":"7 minutos"},"schema":{"@context":"https:\/\/schema.org","@graph":[{"@type":"WebPage","@id":"https:\/\/inmobiliarialemus.com\/index.php\/politica-de-cookies\/","url":"https:\/\/inmobiliarialemus.com\/index.php\/politica-de-cookies\/","name":"Pol\u00edtica de Cookies - Inmobiliaria Lemus","isPartOf":{"@id":"https:\/\/inmobiliarialemus.com\/#website"},"datePublished":"2022-02-17T11:17:04+00:00","dateModified":"2022-04-12T15:17:14+00:00","breadcrumb":{"@id":"https:\/\/inmobiliarialemus.com\/index.php\/politica-de-cookies\/#breadcrumb"},"inLanguage":"es","potentialAction":[{"@type":"ReadAction","target":["https:\/\/inmobiliarialemus.com\/index.php\/politica-de-cookies\/"]}]},{"@type":"BreadcrumbList","@id":"https:\/\/inmobiliarialemus.com\/index.php\/politica-de-cookies\/#breadcrumb","itemListElement":[{"@type":"ListItem","position":1,"name":"Portada","item":"https:\/\/inmobiliarialemus.com\/"},{"@type":"ListItem","position":2,"name":"Pol\u00edtica de Cookies"}]},{"@type":"WebSite","@id":"https:\/\/inmobiliarialemus.com\/#website","url":"https:\/\/inmobiliarialemus.com\/","name":"Inmobiliaria Lemus","description":"Tenerife","publisher":{"@id":"https:\/\/inmobiliarialemus.com\/#organization"},"potentialAction":[{"@type":"SearchAction","target":{"@type":"EntryPoint","urlTemplate":"https:\/\/inmobiliarialemus.com\/?s={search_term_string}"},"query-input":{"@type":"PropertyValueSpecification","valueRequired":true,"valueName":"search_term_string"}}],"inLanguage":"es"},{"@type":"Organization","@id":"https:\/\/inmobiliarialemus.com\/#organization","name":"Inmobiliaria Lemus","url":"https:\/\/inmobiliarialemus.com\/","logo":{"@type":"ImageObject","inLanguage":"es","@id":"https:\/\/inmobiliarialemus.com\/#\/schema\/logo\/image\/","url":"https:\/\/inmobiliarialemus.com\/wp-content\/uploads\/2022\/04\/logo-mini.jpg","contentUrl":"https:\/\/inmobiliarialemus.com\/wp-content\/uploads\/2022\/04\/logo-mini.jpg","width":409,"height":204,"caption":"Inmobiliaria Lemus"},"image":{"@id":"https:\/\/inmobiliarialemus.com\/#\/schema\/logo\/image\/"}}]}},"_links":{"self":[{"href":"https:\/\/inmobiliarialemus.com\/index.php\/wp-json\/wp\/v2\/pages\/55","targetHints":{"allow":["GET"]}}],"collection":[{"href":"https:\/\/inmobiliarialemus.com\/index.php\/wp-json\/wp\/v2\/pages"}],"about":[{"href":"https:\/\/inmobiliarialemus.com\/index.php\/wp-json\/wp\/v2\/types\/page"}],"author":[{"embeddable":true,"href":"https:\/\/inmobiliarialemus.com\/index.php\/wp-json\/wp\/v2\/users\/1"}],"replies":[{"embeddable":true,"href":"https:\/\/inmobiliarialemus.com\/index.php\/wp-json\/wp\/v2\/comments?post=55"}],"version-history":[{"count":3,"href":"https:\/\/inmobiliarialemus.com\/index.php\/wp-json\/wp\/v2\/pages\/55\/revisions"}],"predecessor-version":[{"id":85,"href":"https:\/\/inmobiliarialemus.com\/index.php\/wp-json\/wp\/v2\/pages\/55\/revisions\/85"}],"wp:attachment":[{"href":"https:\/\/inmobiliarialemus.com\/index.php\/wp-json\/wp\/v2\/media?parent=55"}],"curies":[{"name":"wp","href":"https:\/\/api.w.org\/{rel}","templated":true}]}}