{"id":53,"date":"2022-02-17T11:16:49","date_gmt":"2022-02-17T11:16:49","guid":{"rendered":"https:\/\/inmobiliarialemus.com\/?page_id=53"},"modified":"2025-01-27T13:37:39","modified_gmt":"2025-01-27T13:37:39","slug":"politica-de-privacidad","status":"publish","type":"page","link":"https:\/\/inmobiliarialemus.com\/index.php\/politica-de-privacidad\/","title":{"rendered":"Pol\u00edtica de Privacidad"},"content":{"rendered":"<header>\n<header>\n<h2 style=\"text-align: left;\">Pol\u00edtica de Privacidad<\/h2>\n<\/header>\n<\/header>\n<p style=\"text-align: left;\">Tu privacidad es importante para nosotros. En esta declaraci\u00f3n de privacidad te explico qu\u00e9 datos personales recopilamos de los usuarios y c\u00f3mo los utilizamos. Os animamos a leer detenidamente estos t\u00e9rminos antes de facilitar tus datos personales en esta web para estar bien informado de los datos que recogemos, el motivo por el que los recogemos, y lo que hacemos con ellos. Los titulares de este sitio web informan seguidamente de su pol\u00edtica de privacidad, aplicada a los datos personales.<\/p>\n<p style=\"text-align: left;\">Se ha adecuado esta web a las exigencias de la Ley Org\u00e1nica 15\/1999, de 13 de diciembre, de Protecci\u00f3n de Datos de Car\u00e1cter Personal (LOPD), y al Real Decreto 1720\/2007, de 21 de diciembre, conocido como el Reglamento de desarrollo de la LOPD. Cumplimos tambi\u00e9n con el Reglamento (UE) 2016\/679 del Parlamento Europeo y del Consejo de 27 de abril de 2016 relativo a la protecci\u00f3n de las personas f\u00edsicas (RGPD), as\u00ed como con la Ley 34\/2002, de 11 de julio, de Servicios de la Sociedad de la Informaci\u00f3n y Comercio Electr\u00f3nico (LSSICE o LSSI).<\/p>\n<p style=\"text-align: left;\"><span style=\"color: #333333; font-family: Raleway, Helvetica, Arial, sans-serif; font-size: 1.25rem; font-weight: 600;\">Responsable \u2013 \u00bfqui\u00e9n es el responsable del tratamiento de los datos?<\/span><\/p>\n<header>\n<div class=\"\">\n<div class=\"ng-binding\"><strong>Identidad:<\/strong> Inmobiliaria Lemus<\/div>\n<div class=\"ng-binding\"><strong>Contacto:<\/strong> Ana Mar\u00eda Lemus Marrero<br \/>\n<strong>Domicilio social:<\/strong>\u00a0Crta. Gral. &#8211; Las Galletas, n\u00ba 98, 4, Guargacho, San Miguel de Abona. Tenerife<br \/>\n<strong class=\"ng-binding\">NIF:<\/strong> 45****69F<br \/>\n<strong>Tel\u00e9fono:<\/strong>\u00a0647957758<br \/>\n<strong>Correo Electr\u00f3nico:<\/strong>\u00a0info@analemusabogados.com<br \/>\n<strong>Nombre del dominio:<\/strong> www.inmobiliarialemus.com<\/div>\n<div>El suministro de datos de car\u00e1cter personal se har\u00e1 de forma voluntaria, y estos ser\u00e1n recogidos y tratados conforme a la ley de protecci\u00f3n de datos y sus limitaciones.<\/div>\n<\/div>\n<\/header>\n<div style=\"text-align: left;\"><\/div>\n<div style=\"text-align: left;\"><span style=\"color: #333333; font-family: Raleway, Helvetica, Arial, sans-serif; font-size: 1.25rem; font-weight: 600;\">Protecci\u00f3n de datos de car\u00e1cter personal seg\u00fan el RGPD<\/span><\/div>\n<div style=\"text-align: left;\"><\/div>\n<div style=\"text-align: left;\">\n<p>En aplicaci\u00f3n de la normativa vigente en materia de protecci\u00f3n de datos de car\u00e1cter personal, informa que los datos personales que se recogen a trav\u00e9s de los formularios del Sitio web: https:\/\/inmobiliarialemus.com\/, se incluyen en los ficheros automatizados espec\u00edficos de usuarios de los servicios de Inmobiliaria Lemus.<\/p>\n<p>La recogida y tratamiento automatizado de los datos de car\u00e1cter personal tiene como finalidad el mantenimiento de la relaci\u00f3n comercial y el desempe\u00f1o de tareas de informaci\u00f3n, asesoramiento y otras actividades propias de Inmobiliaria Lemus.<\/p>\n<p>Ana Mar\u00eda Lemus Marrero adopta las medidas necesarias para garantizar la seguridad, integridad y confidencialidad de los datos conforme a lo dispuesto en el Reglamento (UE) 2016\/679 del Parlamento Europeo y del Consejo, de 27 de abril de 2016, relativo a la protecci\u00f3n de las personas f\u00edsicas en lo que respecta al tratamiento de datos personales y a la libre circulaci\u00f3n de los mismos.<\/p>\n<p>El usuario podr\u00e1 en cualquier momento ejercitar los derechos de acceso, oposici\u00f3n, rectificaci\u00f3n, cancelaci\u00f3n, limitaci\u00f3n y portabilidad reconocidos en el citado Reglamento (UE). El ejercicio de estos derechos puede realizarlo el propio usuario a trav\u00e9s de email a: info@analemusabogados.com o en la direcci\u00f3n: Crta. Gral. &#8211; Las Galletas, n\u00ba 98, 4, Guargacho, San Miguel de Abona. Tenerife.<\/p>\n<\/div>\n<p><span style=\"color: #333333; font-family: Raleway, Helvetica, Arial, sans-serif; font-size: 1.25rem; font-weight: 600;\">Qu\u00e9 datos personales recogemos:<\/span><\/p>\n<h6>Formulario<\/h6>\n<p>La informaci\u00f3n personal o empresarial que recoge esta web est\u00e1 solicitada en el formulario de contacto, \u00e9l brinda la posibilidad que se ponga en contacto con nosotros rellenando los campos correspondientes.<br \/>\nEl tratamiento que le daremos a esa informaci\u00f3n es simplemente de uso comercial entre nuestros clientes y nuestra empresa y ser\u00e1 usada exclusivamente por nosotros.<\/p>\n<h6>Comentarios<\/h6>\n<p>En nuestra web se permiten realizar comentarios para enriquecer los contenidos y realizar consultas. No se admitir\u00e1n comentarios que no est\u00e9n relacionados con la tem\u00e1tica de esta web, que incluyan difamaciones, agravios, insultos, ataques personales o faltas de respeto en general hacia el autor o hacia otros miembros. Tambi\u00e9n ser\u00e1n suprimidos los comentarios que contengan informaci\u00f3n que sea obviamente enga\u00f1osa o falsa, as\u00ed como los comentarios que contengan informaci\u00f3n personal, como, por ejemplo, domicilios privado o tel\u00e9fonos y que vulneren nuestra pol\u00edtica de protecci\u00f3n de datos.<br \/>\nSe desestimar\u00e1, igualmente, aquellos comentarios creados s\u00f3lo con fines promocionales de una web, persona o colectivo y todo lo que pueda ser considerado spam en general.<br \/>\nNo se permiten comentarios an\u00f3nimos, as\u00ed como aquellos realizados por una misma persona con distintos apodos. No se considerar\u00e1n tampoco aquellos comentarios que intenten forzar un debate o una toma de postura por otro usuario.<\/p>\n<p style=\"text-align: left;\">Los comentarios de los visitantes puede que los revise un servicio de detecci\u00f3n autom\u00e1tica de spam.<\/p>\n<h6 style=\"text-align: left;\">CHAT WHATSAPP (VERSI\u00d3N M\u00d3VIL)<\/h6>\n<p style=\"text-align: left;\">La informaci\u00f3n personal o empresarial que se recoge v\u00eda chat de Whatsapp es \u00fanicamente para facilitar la forma de contacto. El tratamiento que le daremos a esa informaci\u00f3n es simplemente de uso comercial entre nuestros clientes y nuestra empresa y ser\u00e1 usada exclusivamente por nosotros.<\/p>\n<p style=\"text-align: left;\"><span style=\"color: #333333; font-family: Raleway, Helvetica, Arial, sans-serif; font-size: 1.25rem; font-weight: 600;\">Finalidad del tratamiento de los datos personales:<\/span><\/p>\n<div style=\"text-align: left;\">\n<p>\u00bfCon qu\u00e9 finalidad trataremos tus datos personales?<\/p>\n<p>En inmobiliarialemus.com, trataremos tus datos personales recabados para el env\u00edo de informaci\u00f3n solicitada a trav\u00e9s de los formularios dispuestos en https:\/\/inmobiliarialemus.com\/. Una vez recogida la informaci\u00f3n, la misma ir\u00e1 a parar a la bandeja de entrada de nuestra cuenta de correo info@analemusabogados.com dando de baja la misma una vez que nuestra actividad comercial se considere cancelada. Los datos son: Nombre, Email y Mensaje.<\/p>\n<p>Del mismo modo, se proceder\u00e1 con los datos recabados v\u00eda chat de Whatsapp disponible en la versi\u00f3n m\u00f3vil de la web.<\/p>\n<p>Te recordamos que puedes oponerte al env\u00edo de comunicaciones comerciales por cualquier v\u00eda y en cualquier momento, remitiendo un correo electr\u00f3nico a la direcci\u00f3n anteriormente indicada.<\/p>\n<p><span style=\"color: #333333; font-family: Raleway, Helvetica, Arial, sans-serif; font-size: 1.25rem; font-weight: 600;\">Legitimaci\u00f3n:<\/span><\/p>\n<\/div>\n<header>\n<div class=\"\">\n<div class=\"ng-binding\" style=\"text-align: left;\">\n<p>El tratamiento de tus datos se realiza con las siguientes bases jur\u00eddicas que legitiman el mismo:<\/p>\n<ol>\n<li>La solicitud de informaci\u00f3n y\/o la contrataci\u00f3n de los servicios de Ana Lemus Abogados, cuyos t\u00e9rminos y condiciones se pondr\u00e1n a tu disposici\u00f3n en todo caso, de forma previa a una eventual contrataci\u00f3n.<\/li>\n<li>El consentimiento libre, espec\u00edfico, informado e inequ\u00edvoco, en tanto que te informamos poniendo a tu disposici\u00f3n la presente pol\u00edtica de privacidad, que tras la lectura de la misma, en caso de estar conforme, puedes aceptar mediante una declaraci\u00f3n o una clara acci\u00f3n afirmativa, como el marcado de una casilla dispuesta al efecto.<\/li>\n<\/ol>\n<p>En caso de que no nos facilites tus datos o lo hagas de forma err\u00f3nea o incompleta, no podremos atender tu solicitud, resultando del todo imposible proporcionarte la informaci\u00f3n solicitada o llevar a cabo la contrataci\u00f3n de los servicios.<\/p>\n<p><span style=\"color: #333333; font-family: Raleway, Helvetica, Arial, sans-serif; font-size: 1.25rem; font-weight: 600;\">Destinatarios:<\/span><\/p>\n<\/div>\n<div style=\"text-align: left;\">\n<p>Ana Lemus Abogados no comparte los datos con nadie, es de uso exclusivo de nuestra empresa y para tener un canal de comunicaci\u00f3n con nuestros clientes.<\/p>\n<p>En el caso del tratamiento de datos de la web, tenemos contratados a los siguientes proveedores de servicios bajo sus correspondientes condiciones de privacidad:<\/p>\n<\/div>\n<p>Google Analytics: un servicio de an\u00e1lisis de p\u00e1ginas web prestado por Google, Inc., una compa\u00f1\u00eda de Delaware cuya oficina principal est\u00e1 en 1600 Amphitheatre Parkway, Mountain View (California), CA 94043, Estados Unidos (\u201cGoogle\u201d). Google Analytics utiliza \u201ccookies\u201d, que son archivos de texto ubicados en tu ordenador, para ayudarnos a analizar el uso que hacen los usuarios del sitio web. La informaci\u00f3n que genera la cookie acerca de su uso de en nuestra web (incluyendo tu direcci\u00f3n IP) ser\u00e1 directamente transmitida y archivada por Google en los servidores de Estados Unidos.<\/p>\n<p>Hosting: Raiola Networks, S.L., con domicilio en Espa\u00f1a. M\u00e1s informaci\u00f3n en: https:\/\/raiolanetworks.es (Raiola Networks, S.L.). CIF: B27453489. Raiola Networks, S.L.<\/p>\n<div style=\"text-align: left;\">\n<p><strong><span style=\"color: #333333; font-family: Raleway, Helvetica, Arial, sans-serif; font-size: 1.25rem; font-weight: 600;\">Qu\u00e9 derechos tienes sobre tus datos<\/span><\/strong><\/p>\n<p>Puedes solicitar que eliminemos cualquier dato personal que tengamos sobre ti. Esto no incluye ning\u00fan dato que estemos obligados a conservar con fines administrativos, legales o de seguridad.<\/p>\n<p><span style=\"color: #333333; font-family: Raleway, Helvetica, Arial, sans-serif; font-size: 1.25rem; font-weight: 600;\">Enlaces con otros sitios web:<\/span><\/p>\n<\/div>\n<div class=\"ng-binding\">\n<p style=\"text-align: left;\">La p\u00e1gina web https:\/\/inmobiliarialemus.com\/ puede contener enlaces a otras p\u00e1ginas webs. El usuario debe tener en cuenta que nosotros no ostentamos control alguno sobre las pol\u00edticas o medidas de protecci\u00f3n de datos de otras p\u00e1ginas.<\/p>\n<p>&nbsp;<\/p>\n<p class=\"ng-binding\" style=\"text-align: left;\">Si lo deseas tambi\u00e9n puedes consultar nuestra\u00a0<strong><a href=\"https:\/\/inmobiliarialemus.com\/index.php\/politicadecookies\/\">Pol\u00edtica de Cookies<\/a><\/strong><\/p>\n<\/div>\n<\/div>\n<\/header>\n","protected":false},"excerpt":{"rendered":"<p>Pol\u00edtica de Privacidad Tu privacidad es importante para nosotros. En esta declaraci\u00f3n de privacidad te explico qu\u00e9 datos personales recopilamos de los usuarios y c\u00f3mo los utilizamos. Os animamos a leer detenidamente estos t\u00e9rminos antes de facilitar tus datos personales en esta web para estar bien informado de los datos que recogemos, el motivo por [&hellip;]<\/p>\n","protected":false},"author":1,"featured_media":0,"parent":0,"menu_order":0,"comment_status":"closed","ping_status":"closed","template":"","meta":{"_joinchat":[],"footnotes":""},"class_list":["post-53","page","type-page","status-publish","hentry"],"yoast_head":"<!-- This site is optimized with the Yoast SEO plugin v27.4 - https:\/\/yoast.com\/product\/yoast-seo-wordpress\/ -->\n<title>Pol\u00edtica de Privacidad - Inmobiliaria Lemus<\/title>\n<meta name=\"robots\" content=\"noindex, follow\" \/>\n<meta property=\"og:locale\" content=\"es_ES\" \/>\n<meta property=\"og:type\" content=\"article\" \/>\n<meta property=\"og:title\" content=\"Pol\u00edtica de Privacidad - Inmobiliaria Lemus\" \/>\n<meta property=\"og:description\" content=\"Pol\u00edtica de Privacidad Tu privacidad es importante para nosotros. En esta declaraci\u00f3n de privacidad te explico qu\u00e9 datos personales recopilamos de los usuarios y c\u00f3mo los utilizamos. Os animamos a leer detenidamente estos t\u00e9rminos antes de facilitar tus datos personales en esta web para estar bien informado de los datos que recogemos, el motivo por [&hellip;]\" \/>\n<meta property=\"og:url\" content=\"https:\/\/inmobiliarialemus.com\/index.php\/politica-de-privacidad\/\" \/>\n<meta property=\"og:site_name\" content=\"Inmobiliaria Lemus\" \/>\n<meta property=\"article:modified_time\" content=\"2025-01-27T13:37:39+00:00\" \/>\n<meta name=\"twitter:card\" content=\"summary_large_image\" \/>\n<meta name=\"twitter:label1\" content=\"Tiempo de lectura\" \/>\n\t<meta name=\"twitter:data1\" content=\"6 minutos\" \/>\n<script type=\"application\/ld+json\" class=\"yoast-schema-graph\">{\"@context\":\"https:\\\/\\\/schema.org\",\"@graph\":[{\"@type\":\"WebPage\",\"@id\":\"https:\\\/\\\/inmobiliarialemus.com\\\/index.php\\\/politica-de-privacidad\\\/\",\"url\":\"https:\\\/\\\/inmobiliarialemus.com\\\/index.php\\\/politica-de-privacidad\\\/\",\"name\":\"Pol\u00edtica de Privacidad - Inmobiliaria Lemus\",\"isPartOf\":{\"@id\":\"https:\\\/\\\/inmobiliarialemus.com\\\/#website\"},\"datePublished\":\"2022-02-17T11:16:49+00:00\",\"dateModified\":\"2025-01-27T13:37:39+00:00\",\"breadcrumb\":{\"@id\":\"https:\\\/\\\/inmobiliarialemus.com\\\/index.php\\\/politica-de-privacidad\\\/#breadcrumb\"},\"inLanguage\":\"es\",\"potentialAction\":[{\"@type\":\"ReadAction\",\"target\":[\"https:\\\/\\\/inmobiliarialemus.com\\\/index.php\\\/politica-de-privacidad\\\/\"]}]},{\"@type\":\"BreadcrumbList\",\"@id\":\"https:\\\/\\\/inmobiliarialemus.com\\\/index.php\\\/politica-de-privacidad\\\/#breadcrumb\",\"itemListElement\":[{\"@type\":\"ListItem\",\"position\":1,\"name\":\"Portada\",\"item\":\"https:\\\/\\\/inmobiliarialemus.com\\\/\"},{\"@type\":\"ListItem\",\"position\":2,\"name\":\"Pol\u00edtica de Privacidad\"}]},{\"@type\":\"WebSite\",\"@id\":\"https:\\\/\\\/inmobiliarialemus.com\\\/#website\",\"url\":\"https:\\\/\\\/inmobiliarialemus.com\\\/\",\"name\":\"Inmobiliaria Lemus\",\"description\":\"Tenerife\",\"publisher\":{\"@id\":\"https:\\\/\\\/inmobiliarialemus.com\\\/#organization\"},\"potentialAction\":[{\"@type\":\"SearchAction\",\"target\":{\"@type\":\"EntryPoint\",\"urlTemplate\":\"https:\\\/\\\/inmobiliarialemus.com\\\/?s={search_term_string}\"},\"query-input\":{\"@type\":\"PropertyValueSpecification\",\"valueRequired\":true,\"valueName\":\"search_term_string\"}}],\"inLanguage\":\"es\"},{\"@type\":\"Organization\",\"@id\":\"https:\\\/\\\/inmobiliarialemus.com\\\/#organization\",\"name\":\"Inmobiliaria Lemus\",\"url\":\"https:\\\/\\\/inmobiliarialemus.com\\\/\",\"logo\":{\"@type\":\"ImageObject\",\"inLanguage\":\"es\",\"@id\":\"https:\\\/\\\/inmobiliarialemus.com\\\/#\\\/schema\\\/logo\\\/image\\\/\",\"url\":\"https:\\\/\\\/inmobiliarialemus.com\\\/wp-content\\\/uploads\\\/2022\\\/04\\\/logo-mini.jpg\",\"contentUrl\":\"https:\\\/\\\/inmobiliarialemus.com\\\/wp-content\\\/uploads\\\/2022\\\/04\\\/logo-mini.jpg\",\"width\":409,\"height\":204,\"caption\":\"Inmobiliaria Lemus\"},\"image\":{\"@id\":\"https:\\\/\\\/inmobiliarialemus.com\\\/#\\\/schema\\\/logo\\\/image\\\/\"}}]}<\/script>\n<!-- \/ Yoast SEO plugin. -->","yoast_head_json":{"title":"Pol\u00edtica de Privacidad - Inmobiliaria Lemus","robots":{"index":"noindex","follow":"follow"},"og_locale":"es_ES","og_type":"article","og_title":"Pol\u00edtica de Privacidad - Inmobiliaria Lemus","og_description":"Pol\u00edtica de Privacidad Tu privacidad es importante para nosotros. En esta declaraci\u00f3n de privacidad te explico qu\u00e9 datos personales recopilamos de los usuarios y c\u00f3mo los utilizamos. Os animamos a leer detenidamente estos t\u00e9rminos antes de facilitar tus datos personales en esta web para estar bien informado de los datos que recogemos, el motivo por [&hellip;]","og_url":"https:\/\/inmobiliarialemus.com\/index.php\/politica-de-privacidad\/","og_site_name":"Inmobiliaria Lemus","article_modified_time":"2025-01-27T13:37:39+00:00","twitter_card":"summary_large_image","twitter_misc":{"Tiempo de lectura":"6 minutos"},"schema":{"@context":"https:\/\/schema.org","@graph":[{"@type":"WebPage","@id":"https:\/\/inmobiliarialemus.com\/index.php\/politica-de-privacidad\/","url":"https:\/\/inmobiliarialemus.com\/index.php\/politica-de-privacidad\/","name":"Pol\u00edtica de Privacidad - Inmobiliaria Lemus","isPartOf":{"@id":"https:\/\/inmobiliarialemus.com\/#website"},"datePublished":"2022-02-17T11:16:49+00:00","dateModified":"2025-01-27T13:37:39+00:00","breadcrumb":{"@id":"https:\/\/inmobiliarialemus.com\/index.php\/politica-de-privacidad\/#breadcrumb"},"inLanguage":"es","potentialAction":[{"@type":"ReadAction","target":["https:\/\/inmobiliarialemus.com\/index.php\/politica-de-privacidad\/"]}]},{"@type":"BreadcrumbList","@id":"https:\/\/inmobiliarialemus.com\/index.php\/politica-de-privacidad\/#breadcrumb","itemListElement":[{"@type":"ListItem","position":1,"name":"Portada","item":"https:\/\/inmobiliarialemus.com\/"},{"@type":"ListItem","position":2,"name":"Pol\u00edtica de Privacidad"}]},{"@type":"WebSite","@id":"https:\/\/inmobiliarialemus.com\/#website","url":"https:\/\/inmobiliarialemus.com\/","name":"Inmobiliaria Lemus","description":"Tenerife","publisher":{"@id":"https:\/\/inmobiliarialemus.com\/#organization"},"potentialAction":[{"@type":"SearchAction","target":{"@type":"EntryPoint","urlTemplate":"https:\/\/inmobiliarialemus.com\/?s={search_term_string}"},"query-input":{"@type":"PropertyValueSpecification","valueRequired":true,"valueName":"search_term_string"}}],"inLanguage":"es"},{"@type":"Organization","@id":"https:\/\/inmobiliarialemus.com\/#organization","name":"Inmobiliaria Lemus","url":"https:\/\/inmobiliarialemus.com\/","logo":{"@type":"ImageObject","inLanguage":"es","@id":"https:\/\/inmobiliarialemus.com\/#\/schema\/logo\/image\/","url":"https:\/\/inmobiliarialemus.com\/wp-content\/uploads\/2022\/04\/logo-mini.jpg","contentUrl":"https:\/\/inmobiliarialemus.com\/wp-content\/uploads\/2022\/04\/logo-mini.jpg","width":409,"height":204,"caption":"Inmobiliaria Lemus"},"image":{"@id":"https:\/\/inmobiliarialemus.com\/#\/schema\/logo\/image\/"}}]}},"_links":{"self":[{"href":"https:\/\/inmobiliarialemus.com\/index.php\/wp-json\/wp\/v2\/pages\/53","targetHints":{"allow":["GET"]}}],"collection":[{"href":"https:\/\/inmobiliarialemus.com\/index.php\/wp-json\/wp\/v2\/pages"}],"about":[{"href":"https:\/\/inmobiliarialemus.com\/index.php\/wp-json\/wp\/v2\/types\/page"}],"author":[{"embeddable":true,"href":"https:\/\/inmobiliarialemus.com\/index.php\/wp-json\/wp\/v2\/users\/1"}],"replies":[{"embeddable":true,"href":"https:\/\/inmobiliarialemus.com\/index.php\/wp-json\/wp\/v2\/comments?post=53"}],"version-history":[{"count":5,"href":"https:\/\/inmobiliarialemus.com\/index.php\/wp-json\/wp\/v2\/pages\/53\/revisions"}],"predecessor-version":[{"id":1379,"href":"https:\/\/inmobiliarialemus.com\/index.php\/wp-json\/wp\/v2\/pages\/53\/revisions\/1379"}],"wp:attachment":[{"href":"https:\/\/inmobiliarialemus.com\/index.php\/wp-json\/wp\/v2\/media?parent=53"}],"curies":[{"name":"wp","href":"https:\/\/api.w.org\/{rel}","templated":true}]}}