{"id":49,"date":"2022-02-17T11:18:42","date_gmt":"2022-02-17T11:18:42","guid":{"rendered":"https:\/\/inmobiliarialemus.com\/?page_id=49"},"modified":"2022-06-23T07:59:56","modified_gmt":"2022-06-23T07:59:56","slug":"servicios-inmobiliarios-en-tenerife-sur","status":"publish","type":"page","link":"https:\/\/inmobiliarialemus.com\/index.php\/servicios-inmobiliarios-en-tenerife-sur\/","title":{"rendered":"Servicios"},"content":{"rendered":"\t\t<div data-elementor-type=\"wp-page\" data-elementor-id=\"49\" class=\"elementor elementor-49\">\n\t\t\t\t\t\t<section class=\"elementor-section elementor-top-section elementor-element elementor-element-3f52924e elementor-section-boxed elementor-section-height-default elementor-section-height-default\" data-id=\"3f52924e\" data-element_type=\"section\" data-e-type=\"section\">\n\t\t\t\t\t\t<div class=\"elementor-container elementor-column-gap-default\">\n\t\t\t\t\t<div class=\"elementor-column elementor-col-100 elementor-top-column elementor-element elementor-element-70d81120\" data-id=\"70d81120\" data-element_type=\"column\" data-e-type=\"column\">\n\t\t\t<div class=\"elementor-widget-wrap elementor-element-populated\">\n\t\t\t\t\t\t<div class=\"elementor-element elementor-element-15fec73 elementor-widget elementor-widget-image\" data-id=\"15fec73\" data-element_type=\"widget\" data-e-type=\"widget\" data-widget_type=\"image.default\">\n\t\t\t\t<div class=\"elementor-widget-container\">\n\t\t\t\t\t\t\t\t\t\t\t\t\t\t\t<img fetchpriority=\"high\" decoding=\"async\" width=\"1024\" height=\"682\" src=\"https:\/\/inmobiliarialemus.com\/wp-content\/uploads\/2022\/04\/key-g9566a54bf_1280-1024x682.jpg\" class=\"attachment-large size-large wp-image-180\" alt=\"\" srcset=\"https:\/\/inmobiliarialemus.com\/wp-content\/uploads\/2022\/04\/key-g9566a54bf_1280-1024x682.jpg 1024w, https:\/\/inmobiliarialemus.com\/wp-content\/uploads\/2022\/04\/key-g9566a54bf_1280-300x200.jpg 300w, https:\/\/inmobiliarialemus.com\/wp-content\/uploads\/2022\/04\/key-g9566a54bf_1280-768x512.jpg 768w, https:\/\/inmobiliarialemus.com\/wp-content\/uploads\/2022\/04\/key-g9566a54bf_1280.jpg 1280w\" sizes=\"(max-width: 1024px) 100vw, 1024px\" \/>\t\t\t\t\t\t\t\t\t\t\t\t\t\t\t<\/div>\n\t\t\t\t<\/div>\n\t\t\t\t\t<\/div>\n\t\t<\/div>\n\t\t\t\t\t<\/div>\n\t\t<\/section>\n\t\t\t\t<section class=\"elementor-section elementor-top-section elementor-element elementor-element-9d0ea47 elementor-section-boxed elementor-section-height-default elementor-section-height-default\" data-id=\"9d0ea47\" data-element_type=\"section\" data-e-type=\"section\">\n\t\t\t\t\t\t<div class=\"elementor-container elementor-column-gap-default\">\n\t\t\t\t\t<div class=\"elementor-column elementor-col-100 elementor-top-column elementor-element elementor-element-e8d801e\" data-id=\"e8d801e\" data-element_type=\"column\" data-e-type=\"column\">\n\t\t\t<div class=\"elementor-widget-wrap elementor-element-populated\">\n\t\t\t\t\t\t<div class=\"elementor-element elementor-element-08b4ca4 elementor-widget elementor-widget-text-editor\" data-id=\"08b4ca4\" data-element_type=\"widget\" data-e-type=\"widget\" data-widget_type=\"text-editor.default\">\n\t\t\t\t<div class=\"elementor-widget-container\">\n\t\t\t\t\t\t\t\t\t<p>Te ayudamos a conseguir el inmueble que est\u00e1s buscando, de forma r\u00e1pida y personalizada. Tanto en venta como alquiler (con opci\u00f3n a compra o sin ella).&nbsp;<\/p>\n<p>Recibir\u00e1s toda la informaci\u00f3n necesario para realizar la operaci\u00f3n.&nbsp;<span style=\"font-weight: var( --e-global-typography-text-font-weight );\">Disponemos de una amplia trayectoria en cuestiones legales.<\/span><span style=\"font-weight: var( --e-global-typography-text-font-weight );\">&nbsp;<\/span><\/p>\t\t\t\t\t\t\t\t<\/div>\n\t\t\t\t<\/div>\n\t\t\t\t\t<\/div>\n\t\t<\/div>\n\t\t\t\t\t<\/div>\n\t\t<\/section>\n\t\t\t\t<section class=\"elementor-section elementor-top-section elementor-element elementor-element-d19e142 elementor-section-boxed elementor-section-height-default elementor-section-height-default\" data-id=\"d19e142\" data-element_type=\"section\" data-e-type=\"section\">\n\t\t\t\t\t\t<div class=\"elementor-container elementor-column-gap-default\">\n\t\t\t\t\t<div class=\"elementor-column elementor-col-50 elementor-top-column elementor-element elementor-element-499545c\" data-id=\"499545c\" data-element_type=\"column\" data-e-type=\"column\">\n\t\t\t<div class=\"elementor-widget-wrap elementor-element-populated\">\n\t\t\t\t\t\t<section class=\"elementor-section elementor-inner-section elementor-element elementor-element-a873193 elementor-section-boxed elementor-section-height-default elementor-section-height-default\" data-id=\"a873193\" data-element_type=\"section\" data-e-type=\"section\">\n\t\t\t\t\t\t<div class=\"elementor-container elementor-column-gap-default\">\n\t\t\t\t\t<div class=\"elementor-column elementor-col-100 elementor-inner-column elementor-element elementor-element-d39562e\" data-id=\"d39562e\" data-element_type=\"column\" data-e-type=\"column\">\n\t\t\t<div class=\"elementor-widget-wrap elementor-element-populated\">\n\t\t\t\t\t\t<div class=\"elementor-element elementor-element-fc37e3a elementor-widget elementor-widget-button\" data-id=\"fc37e3a\" data-element_type=\"widget\" data-e-type=\"widget\" data-widget_type=\"button.default\">\n\t\t\t\t<div class=\"elementor-widget-container\">\n\t\t\t\t\t\t\t\t\t<div class=\"elementor-button-wrapper\">\n\t\t\t\t\t<a class=\"elementor-button elementor-button-link elementor-size-sm\" href=\"https:\/\/inmobiliarialemus.com\/index.php\/contacta-con-nosotros\/\">\n\t\t\t\t\t\t<span class=\"elementor-button-content-wrapper\">\n\t\t\t\t\t\t\t\t\t<span class=\"elementor-button-text\">Contacto<\/span>\n\t\t\t\t\t<\/span>\n\t\t\t\t\t<\/a>\n\t\t\t\t<\/div>\n\t\t\t\t\t\t\t\t<\/div>\n\t\t\t\t<\/div>\n\t\t\t\t\t<\/div>\n\t\t<\/div>\n\t\t\t\t\t<\/div>\n\t\t<\/section>\n\t\t\t\t\t<\/div>\n\t\t<\/div>\n\t\t\t\t<div class=\"elementor-column elementor-col-50 elementor-top-column elementor-element elementor-element-3a974a1\" data-id=\"3a974a1\" data-element_type=\"column\" data-e-type=\"column\">\n\t\t\t<div class=\"elementor-widget-wrap elementor-element-populated\">\n\t\t\t\t\t\t<div class=\"elementor-element elementor-element-b4a5c7f elementor-widget elementor-widget-text-editor\" data-id=\"b4a5c7f\" data-element_type=\"widget\" data-e-type=\"widget\" data-widget_type=\"text-editor.default\">\n\t\t\t\t<div class=\"elementor-widget-container\">\n\t\t\t\t\t\t\t\t\t<p><strong>Servicios en exclusividad:<\/strong><\/p><ul><li>Venta de Hoteles en Tenerife.<\/li><li>Venta de Parcelas r\u00fasticas y urbanas.<\/li><\/ul><p>Para conocer nuestras ofertas, contacte con nosotros y le atenderemos de forma personalizada.<\/p>\t\t\t\t\t\t\t\t<\/div>\n\t\t\t\t<\/div>\n\t\t\t\t\t<\/div>\n\t\t<\/div>\n\t\t\t\t\t<\/div>\n\t\t<\/section>\n\t\t\t\t<section class=\"elementor-section elementor-top-section elementor-element elementor-element-17b5b18 elementor-section-boxed elementor-section-height-default elementor-section-height-default\" data-id=\"17b5b18\" data-element_type=\"section\" data-e-type=\"section\">\n\t\t\t\t\t\t<div class=\"elementor-container elementor-column-gap-default\">\n\t\t\t\t\t<div class=\"elementor-column elementor-col-100 elementor-top-column elementor-element elementor-element-f07723e\" data-id=\"f07723e\" data-element_type=\"column\" data-e-type=\"column\">\n\t\t\t<div class=\"elementor-widget-wrap elementor-element-populated\">\n\t\t\t\t\t\t<section class=\"elementor-section elementor-inner-section elementor-element elementor-element-74e96d1 elementor-section-boxed elementor-section-height-default elementor-section-height-default\" data-id=\"74e96d1\" data-element_type=\"section\" data-e-type=\"section\">\n\t\t\t\t\t\t<div class=\"elementor-container elementor-column-gap-default\">\n\t\t\t\t\t<div class=\"elementor-column elementor-col-50 elementor-inner-column elementor-element elementor-element-b09bfea\" data-id=\"b09bfea\" data-element_type=\"column\" data-e-type=\"column\">\n\t\t\t<div class=\"elementor-widget-wrap elementor-element-populated\">\n\t\t\t\t\t\t<div class=\"elementor-element elementor-element-ee39a63 elementor-align-left elementor-widget elementor-widget-button\" data-id=\"ee39a63\" data-element_type=\"widget\" data-e-type=\"widget\" data-widget_type=\"button.default\">\n\t\t\t\t<div class=\"elementor-widget-container\">\n\t\t\t\t\t\t\t\t\t<div class=\"elementor-button-wrapper\">\n\t\t\t\t\t<a class=\"elementor-button elementor-button-link elementor-size-sm\" href=\"https:\/\/inmobiliarialemus.com\/index.php\/blog\/\">\n\t\t\t\t\t\t<span class=\"elementor-button-content-wrapper\">\n\t\t\t\t\t\t\t\t\t<span class=\"elementor-button-text\">Ir al blog<\/span>\n\t\t\t\t\t<\/span>\n\t\t\t\t\t<\/a>\n\t\t\t\t<\/div>\n\t\t\t\t\t\t\t\t<\/div>\n\t\t\t\t<\/div>\n\t\t\t\t\t<\/div>\n\t\t<\/div>\n\t\t\t\t<div class=\"elementor-column elementor-col-50 elementor-inner-column elementor-element elementor-element-bfcdcb4\" data-id=\"bfcdcb4\" data-element_type=\"column\" data-e-type=\"column\">\n\t\t\t<div class=\"elementor-widget-wrap elementor-element-populated\">\n\t\t\t\t\t\t<div class=\"elementor-element elementor-element-184871e elementor-widget elementor-widget-text-editor\" data-id=\"184871e\" data-element_type=\"widget\" data-e-type=\"widget\" data-widget_type=\"text-editor.default\">\n\t\t\t\t<div class=\"elementor-widget-container\">\n\t\t\t\t\t\t\t\t\t<p>En nuestro blog respondemos a las preguntas frecuentes.<\/p>\t\t\t\t\t\t\t\t<\/div>\n\t\t\t\t<\/div>\n\t\t\t\t\t<\/div>\n\t\t<\/div>\n\t\t\t\t\t<\/div>\n\t\t<\/section>\n\t\t\t\t\t<\/div>\n\t\t<\/div>\n\t\t\t\t\t<\/div>\n\t\t<\/section>\n\t\t\t\t<\/div>\n\t\t","protected":false},"excerpt":{"rendered":"<p>Te ayudamos a conseguir el inmueble que est\u00e1s buscando, de forma r\u00e1pida y personalizada. Tanto en venta como alquiler (con opci\u00f3n a compra o sin ella).&nbsp; Recibir\u00e1s toda la informaci\u00f3n necesario para realizar la operaci\u00f3n.&nbsp;Disponemos de una amplia trayectoria en cuestiones legales.&nbsp; Contacto Servicios en exclusividad: Venta de Hoteles en Tenerife. Venta de Parcelas r\u00fasticas [&hellip;]<\/p>\n","protected":false},"author":1,"featured_media":0,"parent":0,"menu_order":0,"comment_status":"closed","ping_status":"closed","template":"elementor_theme","meta":{"_joinchat":[],"footnotes":""},"class_list":["post-49","page","type-page","status-publish","hentry"],"yoast_head":"<!-- This site is optimized with the Yoast SEO plugin v27.4 - https:\/\/yoast.com\/product\/yoast-seo-wordpress\/ -->\n<title>Servicios - Inmobiliaria Lemus<\/title>\n<meta name=\"description\" content=\"Vende, compra. Con nuestros servicios, Inmobiliaria Lemus te encuentra una casa a tu medida. Estamos en Tenerife Sur.\" \/>\n<meta name=\"robots\" content=\"index, follow, max-snippet:-1, max-image-preview:large, max-video-preview:-1\" \/>\n<link rel=\"canonical\" href=\"https:\/\/inmobiliarialemus.com\/index.php\/servicios-inmobiliarios-en-tenerife-sur\/\" \/>\n<meta property=\"og:locale\" content=\"es_ES\" \/>\n<meta property=\"og:type\" content=\"article\" \/>\n<meta property=\"og:title\" content=\"Servicios - Inmobiliaria Lemus\" \/>\n<meta property=\"og:description\" content=\"Vende, compra. Con nuestros servicios, Inmobiliaria Lemus te encuentra una casa a tu medida. Estamos en Tenerife Sur.\" \/>\n<meta property=\"og:url\" content=\"https:\/\/inmobiliarialemus.com\/index.php\/servicios-inmobiliarios-en-tenerife-sur\/\" \/>\n<meta property=\"og:site_name\" content=\"Inmobiliaria Lemus\" \/>\n<meta property=\"article:modified_time\" content=\"2022-06-23T07:59:56+00:00\" \/>\n<meta property=\"og:image\" content=\"https:\/\/inmobiliarialemus.com\/wp-content\/uploads\/2022\/04\/key-g9566a54bf_1280-1024x682.jpg\" \/>\n<meta name=\"twitter:card\" content=\"summary_large_image\" \/>\n<meta name=\"twitter:label1\" content=\"Tiempo de lectura\" \/>\n\t<meta name=\"twitter:data1\" content=\"1 minuto\" \/>\n<script type=\"application\/ld+json\" class=\"yoast-schema-graph\">{\"@context\":\"https:\\\/\\\/schema.org\",\"@graph\":[{\"@type\":\"WebPage\",\"@id\":\"https:\\\/\\\/inmobiliarialemus.com\\\/index.php\\\/servicios-inmobiliarios-en-tenerife-sur\\\/\",\"url\":\"https:\\\/\\\/inmobiliarialemus.com\\\/index.php\\\/servicios-inmobiliarios-en-tenerife-sur\\\/\",\"name\":\"Servicios - Inmobiliaria Lemus\",\"isPartOf\":{\"@id\":\"https:\\\/\\\/inmobiliarialemus.com\\\/#website\"},\"primaryImageOfPage\":{\"@id\":\"https:\\\/\\\/inmobiliarialemus.com\\\/index.php\\\/servicios-inmobiliarios-en-tenerife-sur\\\/#primaryimage\"},\"image\":{\"@id\":\"https:\\\/\\\/inmobiliarialemus.com\\\/index.php\\\/servicios-inmobiliarios-en-tenerife-sur\\\/#primaryimage\"},\"thumbnailUrl\":\"https:\\\/\\\/inmobiliarialemus.com\\\/wp-content\\\/uploads\\\/2022\\\/04\\\/key-g9566a54bf_1280-1024x682.jpg\",\"datePublished\":\"2022-02-17T11:18:42+00:00\",\"dateModified\":\"2022-06-23T07:59:56+00:00\",\"description\":\"Vende, compra. Con nuestros servicios, Inmobiliaria Lemus te encuentra una casa a tu medida. Estamos en Tenerife Sur.\",\"breadcrumb\":{\"@id\":\"https:\\\/\\\/inmobiliarialemus.com\\\/index.php\\\/servicios-inmobiliarios-en-tenerife-sur\\\/#breadcrumb\"},\"inLanguage\":\"es\",\"potentialAction\":[{\"@type\":\"ReadAction\",\"target\":[\"https:\\\/\\\/inmobiliarialemus.com\\\/index.php\\\/servicios-inmobiliarios-en-tenerife-sur\\\/\"]}]},{\"@type\":\"ImageObject\",\"inLanguage\":\"es\",\"@id\":\"https:\\\/\\\/inmobiliarialemus.com\\\/index.php\\\/servicios-inmobiliarios-en-tenerife-sur\\\/#primaryimage\",\"url\":\"https:\\\/\\\/inmobiliarialemus.com\\\/wp-content\\\/uploads\\\/2022\\\/04\\\/key-g9566a54bf_1280.jpg\",\"contentUrl\":\"https:\\\/\\\/inmobiliarialemus.com\\\/wp-content\\\/uploads\\\/2022\\\/04\\\/key-g9566a54bf_1280.jpg\",\"width\":1280,\"height\":853},{\"@type\":\"BreadcrumbList\",\"@id\":\"https:\\\/\\\/inmobiliarialemus.com\\\/index.php\\\/servicios-inmobiliarios-en-tenerife-sur\\\/#breadcrumb\",\"itemListElement\":[{\"@type\":\"ListItem\",\"position\":1,\"name\":\"Portada\",\"item\":\"https:\\\/\\\/inmobiliarialemus.com\\\/\"},{\"@type\":\"ListItem\",\"position\":2,\"name\":\"Servicios\"}]},{\"@type\":\"WebSite\",\"@id\":\"https:\\\/\\\/inmobiliarialemus.com\\\/#website\",\"url\":\"https:\\\/\\\/inmobiliarialemus.com\\\/\",\"name\":\"Inmobiliaria Lemus\",\"description\":\"Tenerife\",\"publisher\":{\"@id\":\"https:\\\/\\\/inmobiliarialemus.com\\\/#organization\"},\"potentialAction\":[{\"@type\":\"SearchAction\",\"target\":{\"@type\":\"EntryPoint\",\"urlTemplate\":\"https:\\\/\\\/inmobiliarialemus.com\\\/?s={search_term_string}\"},\"query-input\":{\"@type\":\"PropertyValueSpecification\",\"valueRequired\":true,\"valueName\":\"search_term_string\"}}],\"inLanguage\":\"es\"},{\"@type\":\"Organization\",\"@id\":\"https:\\\/\\\/inmobiliarialemus.com\\\/#organization\",\"name\":\"Inmobiliaria Lemus\",\"url\":\"https:\\\/\\\/inmobiliarialemus.com\\\/\",\"logo\":{\"@type\":\"ImageObject\",\"inLanguage\":\"es\",\"@id\":\"https:\\\/\\\/inmobiliarialemus.com\\\/#\\\/schema\\\/logo\\\/image\\\/\",\"url\":\"https:\\\/\\\/inmobiliarialemus.com\\\/wp-content\\\/uploads\\\/2022\\\/04\\\/logo-mini.jpg\",\"contentUrl\":\"https:\\\/\\\/inmobiliarialemus.com\\\/wp-content\\\/uploads\\\/2022\\\/04\\\/logo-mini.jpg\",\"width\":409,\"height\":204,\"caption\":\"Inmobiliaria Lemus\"},\"image\":{\"@id\":\"https:\\\/\\\/inmobiliarialemus.com\\\/#\\\/schema\\\/logo\\\/image\\\/\"}}]}<\/script>\n<!-- \/ Yoast SEO plugin. -->","yoast_head_json":{"title":"Servicios - Inmobiliaria Lemus","description":"Vende, compra. Con nuestros servicios, Inmobiliaria Lemus te encuentra una casa a tu medida. Estamos en Tenerife Sur.","robots":{"index":"index","follow":"follow","max-snippet":"max-snippet:-1","max-image-preview":"max-image-preview:large","max-video-preview":"max-video-preview:-1"},"canonical":"https:\/\/inmobiliarialemus.com\/index.php\/servicios-inmobiliarios-en-tenerife-sur\/","og_locale":"es_ES","og_type":"article","og_title":"Servicios - Inmobiliaria Lemus","og_description":"Vende, compra. Con nuestros servicios, Inmobiliaria Lemus te encuentra una casa a tu medida. Estamos en Tenerife Sur.","og_url":"https:\/\/inmobiliarialemus.com\/index.php\/servicios-inmobiliarios-en-tenerife-sur\/","og_site_name":"Inmobiliaria Lemus","article_modified_time":"2022-06-23T07:59:56+00:00","og_image":[{"url":"https:\/\/inmobiliarialemus.com\/wp-content\/uploads\/2022\/04\/key-g9566a54bf_1280-1024x682.jpg","type":"","width":"","height":""}],"twitter_card":"summary_large_image","twitter_misc":{"Tiempo de lectura":"1 minuto"},"schema":{"@context":"https:\/\/schema.org","@graph":[{"@type":"WebPage","@id":"https:\/\/inmobiliarialemus.com\/index.php\/servicios-inmobiliarios-en-tenerife-sur\/","url":"https:\/\/inmobiliarialemus.com\/index.php\/servicios-inmobiliarios-en-tenerife-sur\/","name":"Servicios - Inmobiliaria Lemus","isPartOf":{"@id":"https:\/\/inmobiliarialemus.com\/#website"},"primaryImageOfPage":{"@id":"https:\/\/inmobiliarialemus.com\/index.php\/servicios-inmobiliarios-en-tenerife-sur\/#primaryimage"},"image":{"@id":"https:\/\/inmobiliarialemus.com\/index.php\/servicios-inmobiliarios-en-tenerife-sur\/#primaryimage"},"thumbnailUrl":"https:\/\/inmobiliarialemus.com\/wp-content\/uploads\/2022\/04\/key-g9566a54bf_1280-1024x682.jpg","datePublished":"2022-02-17T11:18:42+00:00","dateModified":"2022-06-23T07:59:56+00:00","description":"Vende, compra. Con nuestros servicios, Inmobiliaria Lemus te encuentra una casa a tu medida. Estamos en Tenerife Sur.","breadcrumb":{"@id":"https:\/\/inmobiliarialemus.com\/index.php\/servicios-inmobiliarios-en-tenerife-sur\/#breadcrumb"},"inLanguage":"es","potentialAction":[{"@type":"ReadAction","target":["https:\/\/inmobiliarialemus.com\/index.php\/servicios-inmobiliarios-en-tenerife-sur\/"]}]},{"@type":"ImageObject","inLanguage":"es","@id":"https:\/\/inmobiliarialemus.com\/index.php\/servicios-inmobiliarios-en-tenerife-sur\/#primaryimage","url":"https:\/\/inmobiliarialemus.com\/wp-content\/uploads\/2022\/04\/key-g9566a54bf_1280.jpg","contentUrl":"https:\/\/inmobiliarialemus.com\/wp-content\/uploads\/2022\/04\/key-g9566a54bf_1280.jpg","width":1280,"height":853},{"@type":"BreadcrumbList","@id":"https:\/\/inmobiliarialemus.com\/index.php\/servicios-inmobiliarios-en-tenerife-sur\/#breadcrumb","itemListElement":[{"@type":"ListItem","position":1,"name":"Portada","item":"https:\/\/inmobiliarialemus.com\/"},{"@type":"ListItem","position":2,"name":"Servicios"}]},{"@type":"WebSite","@id":"https:\/\/inmobiliarialemus.com\/#website","url":"https:\/\/inmobiliarialemus.com\/","name":"Inmobiliaria Lemus","description":"Tenerife","publisher":{"@id":"https:\/\/inmobiliarialemus.com\/#organization"},"potentialAction":[{"@type":"SearchAction","target":{"@type":"EntryPoint","urlTemplate":"https:\/\/inmobiliarialemus.com\/?s={search_term_string}"},"query-input":{"@type":"PropertyValueSpecification","valueRequired":true,"valueName":"search_term_string"}}],"inLanguage":"es"},{"@type":"Organization","@id":"https:\/\/inmobiliarialemus.com\/#organization","name":"Inmobiliaria Lemus","url":"https:\/\/inmobiliarialemus.com\/","logo":{"@type":"ImageObject","inLanguage":"es","@id":"https:\/\/inmobiliarialemus.com\/#\/schema\/logo\/image\/","url":"https:\/\/inmobiliarialemus.com\/wp-content\/uploads\/2022\/04\/logo-mini.jpg","contentUrl":"https:\/\/inmobiliarialemus.com\/wp-content\/uploads\/2022\/04\/logo-mini.jpg","width":409,"height":204,"caption":"Inmobiliaria Lemus"},"image":{"@id":"https:\/\/inmobiliarialemus.com\/#\/schema\/logo\/image\/"}}]}},"_links":{"self":[{"href":"https:\/\/inmobiliarialemus.com\/index.php\/wp-json\/wp\/v2\/pages\/49","targetHints":{"allow":["GET"]}}],"collection":[{"href":"https:\/\/inmobiliarialemus.com\/index.php\/wp-json\/wp\/v2\/pages"}],"about":[{"href":"https:\/\/inmobiliarialemus.com\/index.php\/wp-json\/wp\/v2\/types\/page"}],"author":[{"embeddable":true,"href":"https:\/\/inmobiliarialemus.com\/index.php\/wp-json\/wp\/v2\/users\/1"}],"replies":[{"embeddable":true,"href":"https:\/\/inmobiliarialemus.com\/index.php\/wp-json\/wp\/v2\/comments?post=49"}],"version-history":[{"count":48,"href":"https:\/\/inmobiliarialemus.com\/index.php\/wp-json\/wp\/v2\/pages\/49\/revisions"}],"predecessor-version":[{"id":821,"href":"https:\/\/inmobiliarialemus.com\/index.php\/wp-json\/wp\/v2\/pages\/49\/revisions\/821"}],"wp:attachment":[{"href":"https:\/\/inmobiliarialemus.com\/index.php\/wp-json\/wp\/v2\/media?parent=49"}],"curies":[{"name":"wp","href":"https:\/\/api.w.org\/{rel}","templated":true}]}}