{"id":358,"date":"2022-05-19T16:08:31","date_gmt":"2022-05-19T16:08:31","guid":{"rendered":"https:\/\/inmobiliarialemus.com\/?page_id=358"},"modified":"2022-05-19T16:52:03","modified_gmt":"2022-05-19T16:52:03","slug":"blog","status":"publish","type":"page","link":"https:\/\/inmobiliarialemus.com\/index.php\/blog\/","title":{"rendered":"Blog"},"content":{"rendered":"\t\t<div data-elementor-type=\"wp-page\" data-elementor-id=\"358\" class=\"elementor elementor-358\">\n\t\t\t\t\t\t<section class=\"elementor-section elementor-top-section elementor-element elementor-element-2e0ef1a elementor-section-boxed elementor-section-height-default elementor-section-height-default\" data-id=\"2e0ef1a\" data-element_type=\"section\" data-e-type=\"section\">\n\t\t\t\t\t\t<div class=\"elementor-container elementor-column-gap-default\">\n\t\t\t\t\t<div class=\"elementor-column elementor-col-100 elementor-top-column elementor-element elementor-element-a38cfa2\" data-id=\"a38cfa2\" data-element_type=\"column\" data-e-type=\"column\">\n\t\t\t<div class=\"elementor-widget-wrap elementor-element-populated\">\n\t\t\t\t\t\t<div class=\"elementor-element elementor-element-249ee39 elementor-position-left elementor-vertical-align-top elementor-widget elementor-widget-image-box\" data-id=\"249ee39\" data-element_type=\"widget\" data-e-type=\"widget\" data-widget_type=\"image-box.default\">\n\t\t\t\t<div class=\"elementor-widget-container\">\n\t\t\t\t\t<div class=\"elementor-image-box-wrapper\"><figure class=\"elementor-image-box-img\"><a href=\"https:\/\/inmobiliarialemus.com\/index.php\/2022\/05\/19\/que-impuestos-se-deben-pagar-al-comprar-y-vender-una-casa\/\" tabindex=\"-1\"><img fetchpriority=\"high\" decoding=\"async\" width=\"400\" height=\"267\" src=\"https:\/\/inmobiliarialemus.com\/wp-content\/uploads\/2022\/02\/hand-agent-with-home-in-palm-and-key-on-finger_opt.jpg\" class=\"attachment-full size-full wp-image-140\" alt=\"\" srcset=\"https:\/\/inmobiliarialemus.com\/wp-content\/uploads\/2022\/02\/hand-agent-with-home-in-palm-and-key-on-finger_opt.jpg 400w, https:\/\/inmobiliarialemus.com\/wp-content\/uploads\/2022\/02\/hand-agent-with-home-in-palm-and-key-on-finger_opt-300x200.jpg 300w\" sizes=\"(max-width: 400px) 100vw, 400px\" \/><\/a><\/figure><div class=\"elementor-image-box-content\"><h3 class=\"elementor-image-box-title\"><a href=\"https:\/\/inmobiliarialemus.com\/index.php\/2022\/05\/19\/que-impuestos-se-deben-pagar-al-comprar-y-vender-una-casa\/\">\u00bfQu\u00e9 impuestos se deben pagar al comprar y vender una casa? <\/a><\/h3><p class=\"elementor-image-box-description\">Te informamos de todo lo que debes saber para el proceso de compra-venta de una propiedad.<\/p><\/div><\/div>\t\t\t\t<\/div>\n\t\t\t\t<\/div>\n\t\t\t\t\t<\/div>\n\t\t<\/div>\n\t\t\t\t\t<\/div>\n\t\t<\/section>\n\t\t\t\t<section class=\"elementor-section elementor-top-section elementor-element elementor-element-a21d743 elementor-section-boxed elementor-section-height-default elementor-section-height-default\" data-id=\"a21d743\" data-element_type=\"section\" data-e-type=\"section\">\n\t\t\t\t\t\t<div class=\"elementor-container elementor-column-gap-default\">\n\t\t\t\t\t<div class=\"elementor-column elementor-col-100 elementor-top-column elementor-element elementor-element-5e22c9b\" data-id=\"5e22c9b\" data-element_type=\"column\" data-e-type=\"column\">\n\t\t\t<div class=\"elementor-widget-wrap elementor-element-populated\">\n\t\t\t\t\t\t<div class=\"elementor-element elementor-element-eaf50fb elementor-position-left elementor-vertical-align-top elementor-widget elementor-widget-image-box\" data-id=\"eaf50fb\" data-element_type=\"widget\" data-e-type=\"widget\" data-widget_type=\"image-box.default\">\n\t\t\t\t<div class=\"elementor-widget-container\">\n\t\t\t\t\t<div class=\"elementor-image-box-wrapper\"><figure class=\"elementor-image-box-img\"><a href=\"https:\/\/inmobiliarialemus.com\/index.php\/2022\/05\/19\/que-ventajas-existen-de-comprar-una-propiedad-a-traves-de-inmobiliaria-lemus\/\" tabindex=\"-1\"><img decoding=\"async\" width=\"400\" height=\"362\" data-src=\"https:\/\/inmobiliarialemus.com\/wp-content\/uploads\/2022\/02\/cottage-with-green-trees_opt.jpg\" class=\"attachment-full size-full wp-image-141 lazyload\" alt=\"\" data-srcset=\"https:\/\/inmobiliarialemus.com\/wp-content\/uploads\/2022\/02\/cottage-with-green-trees_opt.jpg 400w, https:\/\/inmobiliarialemus.com\/wp-content\/uploads\/2022\/02\/cottage-with-green-trees_opt-300x272.jpg 300w\" data-sizes=\"(max-width: 400px) 100vw, 400px\" src=\"data:image\/svg+xml;base64,PHN2ZyB3aWR0aD0iMSIgaGVpZ2h0PSIxIiB4bWxucz0iaHR0cDovL3d3dy53My5vcmcvMjAwMC9zdmciPjwvc3ZnPg==\" style=\"--smush-placeholder-width: 400px; --smush-placeholder-aspect-ratio: 400\/362;\" \/><\/a><\/figure><div class=\"elementor-image-box-content\"><h3 class=\"elementor-image-box-title\"><a href=\"https:\/\/inmobiliarialemus.com\/index.php\/2022\/05\/19\/que-ventajas-existen-de-comprar-una-propiedad-a-traves-de-inmobiliaria-lemus\/\">\u00bfQu\u00e9 ventajas existen de comprar una propiedad a trav\u00e9s de Inmobiliaria Lemus?<\/a><\/h3><p class=\"elementor-image-box-description\">Te detallamos todas las ventajas que tiene comprar a trav\u00e9s de Inmobiliaria Lemus.<\/p><\/div><\/div>\t\t\t\t<\/div>\n\t\t\t\t<\/div>\n\t\t\t\t\t<\/div>\n\t\t<\/div>\n\t\t\t\t\t<\/div>\n\t\t<\/section>\n\t\t\t\t<section class=\"elementor-section elementor-top-section elementor-element elementor-element-ac74967 elementor-section-boxed elementor-section-height-default elementor-section-height-default\" data-id=\"ac74967\" data-element_type=\"section\" data-e-type=\"section\">\n\t\t\t\t\t\t<div class=\"elementor-container elementor-column-gap-default\">\n\t\t\t\t\t<div class=\"elementor-column elementor-col-100 elementor-top-column elementor-element elementor-element-d05cdd0\" data-id=\"d05cdd0\" data-element_type=\"column\" data-e-type=\"column\">\n\t\t\t<div class=\"elementor-widget-wrap elementor-element-populated\">\n\t\t\t\t\t\t<div class=\"elementor-element elementor-element-0f192e5 elementor-position-left elementor-vertical-align-top elementor-widget elementor-widget-image-box\" data-id=\"0f192e5\" data-element_type=\"widget\" data-e-type=\"widget\" data-widget_type=\"image-box.default\">\n\t\t\t\t<div class=\"elementor-widget-container\">\n\t\t\t\t\t<div class=\"elementor-image-box-wrapper\"><figure class=\"elementor-image-box-img\"><a href=\"https:\/\/inmobiliarialemus.com\/index.php\/2022\/05\/19\/que-ventajas-existen-de-vender-una-propiedad-a-traves-de-inmobiliaria-lemus\/\" tabindex=\"-1\"><img decoding=\"async\" width=\"400\" height=\"267\" data-src=\"https:\/\/inmobiliarialemus.com\/wp-content\/uploads\/2022\/02\/hand-presenting-model-house-for-home-loan-campaign_opt.jpg\" class=\"attachment-full size-full wp-image-139 lazyload\" alt=\"\" data-srcset=\"https:\/\/inmobiliarialemus.com\/wp-content\/uploads\/2022\/02\/hand-presenting-model-house-for-home-loan-campaign_opt.jpg 400w, https:\/\/inmobiliarialemus.com\/wp-content\/uploads\/2022\/02\/hand-presenting-model-house-for-home-loan-campaign_opt-300x200.jpg 300w\" data-sizes=\"(max-width: 400px) 100vw, 400px\" src=\"data:image\/svg+xml;base64,PHN2ZyB3aWR0aD0iMSIgaGVpZ2h0PSIxIiB4bWxucz0iaHR0cDovL3d3dy53My5vcmcvMjAwMC9zdmciPjwvc3ZnPg==\" style=\"--smush-placeholder-width: 400px; --smush-placeholder-aspect-ratio: 400\/267;\" \/><\/a><\/figure><div class=\"elementor-image-box-content\"><h3 class=\"elementor-image-box-title\"><a href=\"https:\/\/inmobiliarialemus.com\/index.php\/2022\/05\/19\/que-ventajas-existen-de-vender-una-propiedad-a-traves-de-inmobiliaria-lemus\/\">\u00bfQu\u00e9 ventajas existen de vender una propiedad a trav\u00e9s de Inmobiliaria Lemus?<\/a><\/h3><p class=\"elementor-image-box-description\">Tenemos en cuenta todos los detalles para agilizar los tr\u00e1mites de la compra-venta.<\/p><\/div><\/div>\t\t\t\t<\/div>\n\t\t\t\t<\/div>\n\t\t\t\t\t<\/div>\n\t\t<\/div>\n\t\t\t\t\t<\/div>\n\t\t<\/section>\n\t\t\t\t<section class=\"elementor-section elementor-top-section elementor-element elementor-element-6abb88c elementor-section-boxed elementor-section-height-default elementor-section-height-default\" data-id=\"6abb88c\" data-element_type=\"section\" data-e-type=\"section\">\n\t\t\t\t\t\t<div class=\"elementor-container elementor-column-gap-default\">\n\t\t\t\t\t<div class=\"elementor-column elementor-col-100 elementor-top-column elementor-element elementor-element-dbddc9d\" data-id=\"dbddc9d\" data-element_type=\"column\" data-e-type=\"column\">\n\t\t\t<div class=\"elementor-widget-wrap elementor-element-populated\">\n\t\t\t\t\t\t<div class=\"elementor-element elementor-element-70e0b67 elementor-position-left elementor-vertical-align-top elementor-widget elementor-widget-image-box\" data-id=\"70e0b67\" data-element_type=\"widget\" data-e-type=\"widget\" data-widget_type=\"image-box.default\">\n\t\t\t\t<div class=\"elementor-widget-container\">\n\t\t\t\t\t<div class=\"elementor-image-box-wrapper\"><figure class=\"elementor-image-box-img\"><a href=\"https:\/\/inmobiliarialemus.com\/index.php\/2022\/05\/19\/por-que-alquilar-mi-piso-por-inmobiliaria\/\" tabindex=\"-1\"><img decoding=\"async\" width=\"130\" height=\"87\" data-src=\"https:\/\/inmobiliarialemus.com\/wp-content\/uploads\/2022\/05\/consulting-with-lawyer-1.jpg\" class=\"attachment-full size-full wp-image-369 lazyload\" alt=\"\" src=\"data:image\/svg+xml;base64,PHN2ZyB3aWR0aD0iMSIgaGVpZ2h0PSIxIiB4bWxucz0iaHR0cDovL3d3dy53My5vcmcvMjAwMC9zdmciPjwvc3ZnPg==\" style=\"--smush-placeholder-width: 130px; --smush-placeholder-aspect-ratio: 130\/87;\" \/><\/a><\/figure><div class=\"elementor-image-box-content\"><h3 class=\"elementor-image-box-title\"><a href=\"https:\/\/inmobiliarialemus.com\/index.php\/2022\/05\/19\/por-que-alquilar-mi-piso-por-inmobiliaria\/\">\u00bfPor qu\u00e9 alquilar mi piso por Inmobiliaria?<\/a><\/h3><p class=\"elementor-image-box-description\">Inmobiliaria Lemus realiza un estudio riguroso de para obtener inquilinos de calidad con una estabilidad profesional y emocional adecuada para tu propiedad.<\/p><\/div><\/div>\t\t\t\t<\/div>\n\t\t\t\t<\/div>\n\t\t\t\t\t<\/div>\n\t\t<\/div>\n\t\t\t\t\t<\/div>\n\t\t<\/section>\n\t\t\t\t<section class=\"elementor-section elementor-top-section elementor-element elementor-element-6dbfd96 elementor-section-boxed elementor-section-height-default elementor-section-height-default\" data-id=\"6dbfd96\" data-element_type=\"section\" data-e-type=\"section\">\n\t\t\t\t\t\t<div class=\"elementor-container elementor-column-gap-default\">\n\t\t\t\t\t<div class=\"elementor-column elementor-col-100 elementor-top-column elementor-element elementor-element-50671eb\" data-id=\"50671eb\" data-element_type=\"column\" data-e-type=\"column\">\n\t\t\t<div class=\"elementor-widget-wrap elementor-element-populated\">\n\t\t\t\t\t\t<div class=\"elementor-element elementor-element-2ca284f elementor-position-left elementor-vertical-align-top elementor-widget elementor-widget-image-box\" data-id=\"2ca284f\" data-element_type=\"widget\" data-e-type=\"widget\" data-widget_type=\"image-box.default\">\n\t\t\t\t<div class=\"elementor-widget-container\">\n\t\t\t\t\t<div class=\"elementor-image-box-wrapper\"><figure class=\"elementor-image-box-img\"><a href=\"https:\/\/inmobiliarialemus.com\/index.php\/2022\/05\/19\/que-ventajas-existen-de-alquilar-un-piso-a-traves-de-inmobiliaria-lemus\/\" tabindex=\"-1\"><img decoding=\"async\" width=\"130\" height=\"87\" data-src=\"https:\/\/inmobiliarialemus.com\/wp-content\/uploads\/2022\/05\/two-women-partners-handshaking-after-signing-business-contract-at-meeting-1.jpg\" class=\"attachment-full size-full wp-image-370 lazyload\" alt=\"\" src=\"data:image\/svg+xml;base64,PHN2ZyB3aWR0aD0iMSIgaGVpZ2h0PSIxIiB4bWxucz0iaHR0cDovL3d3dy53My5vcmcvMjAwMC9zdmciPjwvc3ZnPg==\" style=\"--smush-placeholder-width: 130px; --smush-placeholder-aspect-ratio: 130\/87;\" \/><\/a><\/figure><div class=\"elementor-image-box-content\"><h3 class=\"elementor-image-box-title\"><a href=\"https:\/\/inmobiliarialemus.com\/index.php\/2022\/05\/19\/que-ventajas-existen-de-alquilar-un-piso-a-traves-de-inmobiliaria-lemus\/\">\u00bfQu\u00e9 ventajas existen de alquilar un piso a trav\u00e9s de Inmobiliaria Lemus?<\/a><\/h3><p class=\"elementor-image-box-description\">Inmobiliaria Lemus, antes de la visita del posible arrendatario, revisa y verifica las condiciones del inmueble para una habitabilidad adecuada y no encontrar problemas en la vivienda.<\/p><\/div><\/div>\t\t\t\t<\/div>\n\t\t\t\t<\/div>\n\t\t\t\t\t<\/div>\n\t\t<\/div>\n\t\t\t\t\t<\/div>\n\t\t<\/section>\n\t\t\t\t<\/div>\n\t\t","protected":false},"excerpt":{"rendered":"<p>\u00bfQu\u00e9 impuestos se deben pagar al comprar y vender una casa? Te informamos de todo lo que debes saber para el proceso de compra-venta de una propiedad. \u00bfQu\u00e9 ventajas existen de comprar una propiedad a trav\u00e9s de Inmobiliaria Lemus? Te detallamos todas las ventajas que tiene comprar a trav\u00e9s de Inmobiliaria Lemus. \u00bfQu\u00e9 ventajas existen [&hellip;]<\/p>\n","protected":false},"author":1,"featured_media":0,"parent":0,"menu_order":0,"comment_status":"closed","ping_status":"closed","template":"","meta":{"_joinchat":[],"footnotes":""},"class_list":["post-358","page","type-page","status-publish","hentry"],"yoast_head":"<!-- This site is optimized with the Yoast SEO plugin v27.4 - https:\/\/yoast.com\/product\/yoast-seo-wordpress\/ -->\n<title>Blog - Inmobiliaria Lemus<\/title>\n<meta name=\"description\" content=\"Respondemos a tus preguntas frecuentes en nuestro blog\" \/>\n<meta name=\"robots\" content=\"index, follow, max-snippet:-1, max-image-preview:large, max-video-preview:-1\" \/>\n<link rel=\"canonical\" href=\"https:\/\/inmobiliarialemus.com\/index.php\/blog\/\" \/>\n<meta property=\"og:locale\" content=\"es_ES\" \/>\n<meta property=\"og:type\" content=\"article\" \/>\n<meta property=\"og:title\" content=\"Blog - Inmobiliaria Lemus\" \/>\n<meta property=\"og:description\" content=\"Respondemos a tus preguntas frecuentes en nuestro blog\" \/>\n<meta property=\"og:url\" content=\"https:\/\/inmobiliarialemus.com\/index.php\/blog\/\" \/>\n<meta property=\"og:site_name\" content=\"Inmobiliaria Lemus\" \/>\n<meta property=\"article:modified_time\" content=\"2022-05-19T16:52:03+00:00\" \/>\n<meta property=\"og:image\" content=\"https:\/\/inmobiliarialemus.com\/wp-content\/uploads\/2022\/02\/hand-agent-with-home-in-palm-and-key-on-finger_opt.jpg\" \/>\n<meta name=\"twitter:card\" content=\"summary_large_image\" \/>\n<meta name=\"twitter:label1\" content=\"Tiempo de lectura\" \/>\n\t<meta name=\"twitter:data1\" content=\"2 minutos\" \/>\n<script type=\"application\/ld+json\" class=\"yoast-schema-graph\">{\"@context\":\"https:\\\/\\\/schema.org\",\"@graph\":[{\"@type\":\"WebPage\",\"@id\":\"https:\\\/\\\/inmobiliarialemus.com\\\/index.php\\\/blog\\\/\",\"url\":\"https:\\\/\\\/inmobiliarialemus.com\\\/index.php\\\/blog\\\/\",\"name\":\"Blog - Inmobiliaria Lemus\",\"isPartOf\":{\"@id\":\"https:\\\/\\\/inmobiliarialemus.com\\\/#website\"},\"primaryImageOfPage\":{\"@id\":\"https:\\\/\\\/inmobiliarialemus.com\\\/index.php\\\/blog\\\/#primaryimage\"},\"image\":{\"@id\":\"https:\\\/\\\/inmobiliarialemus.com\\\/index.php\\\/blog\\\/#primaryimage\"},\"thumbnailUrl\":\"https:\\\/\\\/inmobiliarialemus.com\\\/wp-content\\\/uploads\\\/2022\\\/02\\\/hand-agent-with-home-in-palm-and-key-on-finger_opt.jpg\",\"datePublished\":\"2022-05-19T16:08:31+00:00\",\"dateModified\":\"2022-05-19T16:52:03+00:00\",\"description\":\"Respondemos a tus preguntas frecuentes en nuestro blog\",\"breadcrumb\":{\"@id\":\"https:\\\/\\\/inmobiliarialemus.com\\\/index.php\\\/blog\\\/#breadcrumb\"},\"inLanguage\":\"es\",\"potentialAction\":[{\"@type\":\"ReadAction\",\"target\":[\"https:\\\/\\\/inmobiliarialemus.com\\\/index.php\\\/blog\\\/\"]}]},{\"@type\":\"ImageObject\",\"inLanguage\":\"es\",\"@id\":\"https:\\\/\\\/inmobiliarialemus.com\\\/index.php\\\/blog\\\/#primaryimage\",\"url\":\"https:\\\/\\\/inmobiliarialemus.com\\\/wp-content\\\/uploads\\\/2022\\\/02\\\/hand-agent-with-home-in-palm-and-key-on-finger_opt.jpg\",\"contentUrl\":\"https:\\\/\\\/inmobiliarialemus.com\\\/wp-content\\\/uploads\\\/2022\\\/02\\\/hand-agent-with-home-in-palm-and-key-on-finger_opt.jpg\",\"width\":400,\"height\":267,\"caption\":\"Hand agent with home in palm and key on finger. Offer of purchase house, rental of Real Estate. Giving, offering, demonstration, handing house keys.\"},{\"@type\":\"BreadcrumbList\",\"@id\":\"https:\\\/\\\/inmobiliarialemus.com\\\/index.php\\\/blog\\\/#breadcrumb\",\"itemListElement\":[{\"@type\":\"ListItem\",\"position\":1,\"name\":\"Portada\",\"item\":\"https:\\\/\\\/inmobiliarialemus.com\\\/\"},{\"@type\":\"ListItem\",\"position\":2,\"name\":\"Blog\"}]},{\"@type\":\"WebSite\",\"@id\":\"https:\\\/\\\/inmobiliarialemus.com\\\/#website\",\"url\":\"https:\\\/\\\/inmobiliarialemus.com\\\/\",\"name\":\"Inmobiliaria Lemus\",\"description\":\"Tenerife\",\"publisher\":{\"@id\":\"https:\\\/\\\/inmobiliarialemus.com\\\/#organization\"},\"potentialAction\":[{\"@type\":\"SearchAction\",\"target\":{\"@type\":\"EntryPoint\",\"urlTemplate\":\"https:\\\/\\\/inmobiliarialemus.com\\\/?s={search_term_string}\"},\"query-input\":{\"@type\":\"PropertyValueSpecification\",\"valueRequired\":true,\"valueName\":\"search_term_string\"}}],\"inLanguage\":\"es\"},{\"@type\":\"Organization\",\"@id\":\"https:\\\/\\\/inmobiliarialemus.com\\\/#organization\",\"name\":\"Inmobiliaria Lemus\",\"url\":\"https:\\\/\\\/inmobiliarialemus.com\\\/\",\"logo\":{\"@type\":\"ImageObject\",\"inLanguage\":\"es\",\"@id\":\"https:\\\/\\\/inmobiliarialemus.com\\\/#\\\/schema\\\/logo\\\/image\\\/\",\"url\":\"https:\\\/\\\/inmobiliarialemus.com\\\/wp-content\\\/uploads\\\/2022\\\/04\\\/logo-mini.jpg\",\"contentUrl\":\"https:\\\/\\\/inmobiliarialemus.com\\\/wp-content\\\/uploads\\\/2022\\\/04\\\/logo-mini.jpg\",\"width\":409,\"height\":204,\"caption\":\"Inmobiliaria Lemus\"},\"image\":{\"@id\":\"https:\\\/\\\/inmobiliarialemus.com\\\/#\\\/schema\\\/logo\\\/image\\\/\"}}]}<\/script>\n<!-- \/ Yoast SEO plugin. -->","yoast_head_json":{"title":"Blog - Inmobiliaria Lemus","description":"Respondemos a tus preguntas frecuentes en nuestro blog","robots":{"index":"index","follow":"follow","max-snippet":"max-snippet:-1","max-image-preview":"max-image-preview:large","max-video-preview":"max-video-preview:-1"},"canonical":"https:\/\/inmobiliarialemus.com\/index.php\/blog\/","og_locale":"es_ES","og_type":"article","og_title":"Blog - Inmobiliaria Lemus","og_description":"Respondemos a tus preguntas frecuentes en nuestro blog","og_url":"https:\/\/inmobiliarialemus.com\/index.php\/blog\/","og_site_name":"Inmobiliaria Lemus","article_modified_time":"2022-05-19T16:52:03+00:00","og_image":[{"url":"https:\/\/inmobiliarialemus.com\/wp-content\/uploads\/2022\/02\/hand-agent-with-home-in-palm-and-key-on-finger_opt.jpg","type":"","width":"","height":""}],"twitter_card":"summary_large_image","twitter_misc":{"Tiempo de lectura":"2 minutos"},"schema":{"@context":"https:\/\/schema.org","@graph":[{"@type":"WebPage","@id":"https:\/\/inmobiliarialemus.com\/index.php\/blog\/","url":"https:\/\/inmobiliarialemus.com\/index.php\/blog\/","name":"Blog - Inmobiliaria Lemus","isPartOf":{"@id":"https:\/\/inmobiliarialemus.com\/#website"},"primaryImageOfPage":{"@id":"https:\/\/inmobiliarialemus.com\/index.php\/blog\/#primaryimage"},"image":{"@id":"https:\/\/inmobiliarialemus.com\/index.php\/blog\/#primaryimage"},"thumbnailUrl":"https:\/\/inmobiliarialemus.com\/wp-content\/uploads\/2022\/02\/hand-agent-with-home-in-palm-and-key-on-finger_opt.jpg","datePublished":"2022-05-19T16:08:31+00:00","dateModified":"2022-05-19T16:52:03+00:00","description":"Respondemos a tus preguntas frecuentes en nuestro blog","breadcrumb":{"@id":"https:\/\/inmobiliarialemus.com\/index.php\/blog\/#breadcrumb"},"inLanguage":"es","potentialAction":[{"@type":"ReadAction","target":["https:\/\/inmobiliarialemus.com\/index.php\/blog\/"]}]},{"@type":"ImageObject","inLanguage":"es","@id":"https:\/\/inmobiliarialemus.com\/index.php\/blog\/#primaryimage","url":"https:\/\/inmobiliarialemus.com\/wp-content\/uploads\/2022\/02\/hand-agent-with-home-in-palm-and-key-on-finger_opt.jpg","contentUrl":"https:\/\/inmobiliarialemus.com\/wp-content\/uploads\/2022\/02\/hand-agent-with-home-in-palm-and-key-on-finger_opt.jpg","width":400,"height":267,"caption":"Hand agent with home in palm and key on finger. Offer of purchase house, rental of Real Estate. Giving, offering, demonstration, handing house keys."},{"@type":"BreadcrumbList","@id":"https:\/\/inmobiliarialemus.com\/index.php\/blog\/#breadcrumb","itemListElement":[{"@type":"ListItem","position":1,"name":"Portada","item":"https:\/\/inmobiliarialemus.com\/"},{"@type":"ListItem","position":2,"name":"Blog"}]},{"@type":"WebSite","@id":"https:\/\/inmobiliarialemus.com\/#website","url":"https:\/\/inmobiliarialemus.com\/","name":"Inmobiliaria Lemus","description":"Tenerife","publisher":{"@id":"https:\/\/inmobiliarialemus.com\/#organization"},"potentialAction":[{"@type":"SearchAction","target":{"@type":"EntryPoint","urlTemplate":"https:\/\/inmobiliarialemus.com\/?s={search_term_string}"},"query-input":{"@type":"PropertyValueSpecification","valueRequired":true,"valueName":"search_term_string"}}],"inLanguage":"es"},{"@type":"Organization","@id":"https:\/\/inmobiliarialemus.com\/#organization","name":"Inmobiliaria Lemus","url":"https:\/\/inmobiliarialemus.com\/","logo":{"@type":"ImageObject","inLanguage":"es","@id":"https:\/\/inmobiliarialemus.com\/#\/schema\/logo\/image\/","url":"https:\/\/inmobiliarialemus.com\/wp-content\/uploads\/2022\/04\/logo-mini.jpg","contentUrl":"https:\/\/inmobiliarialemus.com\/wp-content\/uploads\/2022\/04\/logo-mini.jpg","width":409,"height":204,"caption":"Inmobiliaria Lemus"},"image":{"@id":"https:\/\/inmobiliarialemus.com\/#\/schema\/logo\/image\/"}}]}},"_links":{"self":[{"href":"https:\/\/inmobiliarialemus.com\/index.php\/wp-json\/wp\/v2\/pages\/358","targetHints":{"allow":["GET"]}}],"collection":[{"href":"https:\/\/inmobiliarialemus.com\/index.php\/wp-json\/wp\/v2\/pages"}],"about":[{"href":"https:\/\/inmobiliarialemus.com\/index.php\/wp-json\/wp\/v2\/types\/page"}],"author":[{"embeddable":true,"href":"https:\/\/inmobiliarialemus.com\/index.php\/wp-json\/wp\/v2\/users\/1"}],"replies":[{"embeddable":true,"href":"https:\/\/inmobiliarialemus.com\/index.php\/wp-json\/wp\/v2\/comments?post=358"}],"version-history":[{"count":27,"href":"https:\/\/inmobiliarialemus.com\/index.php\/wp-json\/wp\/v2\/pages\/358\/revisions"}],"predecessor-version":[{"id":401,"href":"https:\/\/inmobiliarialemus.com\/index.php\/wp-json\/wp\/v2\/pages\/358\/revisions\/401"}],"wp:attachment":[{"href":"https:\/\/inmobiliarialemus.com\/index.php\/wp-json\/wp\/v2\/media?parent=358"}],"curies":[{"name":"wp","href":"https:\/\/api.w.org\/{rel}","templated":true}]}}